{"id":7899,"date":"2025-04-24T17:09:21","date_gmt":"2025-04-24T14:09:21","guid":{"rendered":"https:\/\/insize.com.tr\/?post_type=product&#038;p=7899"},"modified":"2026-04-21T08:22:28","modified_gmt":"2026-04-21T05:22:28","slug":"insize-utm-m-video-ekstansometre","status":"publish","type":"product","link":"https:\/\/insize.com.tr\/en\/product\/insize-utm-m-video-ekstansometre\/","title":{"rendered":"Insize UTM-M Video Ekstansometre"},"content":{"rendered":"","protected":false},"excerpt":{"rendered":"<ul>\n<li>Video ekstansometre, y\u00fckleme i\u015flemi s\u0131ras\u0131nda numunenin g\u00f6r\u00fcnt\u00fc \u00f6zelliklerindeki de\u011fi\u015fimleri foto\u011fraflay\u0131p analiz ederek ger\u00e7ek zamanl\u0131 yer de\u011fi\u015ftirme ve gerilme \u00f6l\u00e7\u00fcm\u00fc ger\u00e7ekle\u015ftiren, g\u00f6r\u00fcnt\u00fc ve g\u00f6r\u00fcnt\u00fc ile ilgili algoritmalara dayal\u0131, temass\u0131z, y\u00fcksek hassasiyetli ger\u00e7ek zamanl\u0131 bir \u00f6l\u00e7\u00fcm sistemidir.<\/li>\n<li>Y\u00fcksek hassasiyet, geni\u015f \u00f6l\u00e7\u00fcm aral\u0131\u011f\u0131 ve sonu\u00e7lar\u0131n g\u00f6rselle\u015ftirilmesi avantajlar\u0131na sahiptir<\/li>\n<li>Numunelerin \u00e7ekme, bas\u0131n\u00e7, e\u011filme, s\u00fcr\u00fcnme, yorulma vb. durumlardaki performans\u0131n\u0131 test etmek ve analiz etmek i\u00e7in kullan\u0131l\u0131r. Gerinim (uzama) \u00f6l\u00e7\u00fcm\u00fc, \u00e7ekme\/bas\u0131n\u00e7 dayan\u0131m\u0131 \u00f6l\u00e7\u00fcm\u00fc, elastikiyet mod\u00fcl\u00fc \u00f6l\u00e7\u00fcm\u00fc ve Poisson oran\u0131 \u00f6l\u00e7\u00fcm\u00fc i\u00e7erir.<\/li>\n<li>ISO 9513&#8217;e g\u00f6re\n<p><a href=\"https:\/\/insize.com.tr\/wp-content\/uploads\/2026\/02\/UTM-M.pdf\"><strong>PDF i\u00e7in t\u0131klay\u0131n\u0131z.<\/strong><\/a><\/li>\n<\/ul>","protected":false},"featured_media":7901,"comment_status":"open","ping_status":"closed","template":"","meta":{"inline_featured_image":false},"product_brand":[],"product_cat":[33],"product_tag":[],"class_list":{"0":"post-7899","1":"product","2":"type-product","3":"status-publish","4":"has-post-thumbnail","6":"product_cat-videoskoplar-sabit-boroskoplar","8":"first","9":"instock","10":"shipping-taxable","11":"purchasable","12":"product-type-simple"},"_links":{"self":[{"href":"https:\/\/insize.com.tr\/en\/wp-json\/wp\/v2\/product\/7899","targetHints":{"allow":["GET"]}}],"collection":[{"href":"https:\/\/insize.com.tr\/en\/wp-json\/wp\/v2\/product"}],"about":[{"href":"https:\/\/insize.com.tr\/en\/wp-json\/wp\/v2\/types\/product"}],"replies":[{"embeddable":true,"href":"https:\/\/insize.com.tr\/en\/wp-json\/wp\/v2\/comments?post=7899"}],"wp:featuredmedia":[{"embeddable":true,"href":"https:\/\/insize.com.tr\/en\/wp-json\/wp\/v2\/media\/7901"}],"wp:attachment":[{"href":"https:\/\/insize.com.tr\/en\/wp-json\/wp\/v2\/media?parent=7899"}],"wp:term":[{"taxonomy":"product_brand","embeddable":true,"href":"https:\/\/insize.com.tr\/en\/wp-json\/wp\/v2\/product_brand?post=7899"},{"taxonomy":"product_cat","embeddable":true,"href":"https:\/\/insize.com.tr\/en\/wp-json\/wp\/v2\/product_cat?post=7899"},{"taxonomy":"product_tag","embeddable":true,"href":"https:\/\/insize.com.tr\/en\/wp-json\/wp\/v2\/product_tag?post=7899"}],"curies":[{"name":"wp","href":"https:\/\/api.w.org\/{rel}","templated":true}]}}