{"id":7903,"date":"2025-04-25T13:33:12","date_gmt":"2025-04-25T10:33:12","guid":{"rendered":"https:\/\/insize.com.tr\/?post_type=product&#038;p=7903"},"modified":"2026-04-21T10:42:54","modified_gmt":"2026-04-21T07:42:54","slug":"insize-0111-hw30-sicak-tel-anemometresi","status":"publish","type":"product","link":"https:\/\/insize.com.tr\/en\/product\/insize-0111-hw30-sicak-tel-anemometresi\/","title":{"rendered":"Insize 0111-HW30 S\u0131cak Tel Anemometresi"},"content":{"rendered":"","protected":false},"excerpt":{"rendered":"<ul>\n<li>Platin diren\u00e7 sens\u00f6r\u00fcyle \u00f6l\u00e7\u00fcm yap\u0131n, y\u00fcksek do\u011fruluk ve kararl\u0131l\u0131k<\/li>\n<li>\u0130nce problu, geri \u00e7ekilebilir al\u00fcminyum ala\u015f\u0131ml\u0131 \u00e7ubuk, rahat \u00e7al\u0131\u015fma i\u00e7in b\u00f6l\u00fcnm\u00fc\u015f tasar\u0131m<\/li>\n<li>Maksimum\/minimum\/ortalama modu<\/li>\n<li>A\u015f\u0131r\u0131 aral\u0131k g\u00f6stergesi<\/li>\n<li>Arkadan ayd\u0131nlatmal\u0131 ekran<\/li>\n<li>D\u00fc\u015f\u00fck pil g\u00f6stergesi<\/li>\n<li>Otomatik kapanma<\/li>\n<li><a href=\"https:\/\/insize.com.tr\/wp-content\/uploads\/2026\/02\/0111-HW30.pdf\"><strong>PDF i\u00e7in t\u0131klay\u0131n\u0131z<\/strong><\/a><\/li>\n<li><a href=\"https:\/\/insize.com.tr\/wp-content\/uploads\/2026\/03\/0111-HW30-E-V0.pdf\"><strong>Kullan\u0131m K\u0131lavuzu<\/strong><\/a><\/li>\n<\/ul>","protected":false},"featured_media":7905,"comment_status":"open","ping_status":"closed","template":"","meta":{"inline_featured_image":false},"product_brand":[],"product_cat":[56],"product_tag":[],"class_list":{"0":"post-7903","1":"product","2":"type-product","3":"status-publish","4":"has-post-thumbnail","6":"product_cat-sicaklik-ve-nem-olcer","8":"first","9":"instock","10":"shipping-taxable","11":"purchasable","12":"product-type-simple"},"_links":{"self":[{"href":"https:\/\/insize.com.tr\/en\/wp-json\/wp\/v2\/product\/7903","targetHints":{"allow":["GET"]}}],"collection":[{"href":"https:\/\/insize.com.tr\/en\/wp-json\/wp\/v2\/product"}],"about":[{"href":"https:\/\/insize.com.tr\/en\/wp-json\/wp\/v2\/types\/product"}],"replies":[{"embeddable":true,"href":"https:\/\/insize.com.tr\/en\/wp-json\/wp\/v2\/comments?post=7903"}],"wp:featuredmedia":[{"embeddable":true,"href":"https:\/\/insize.com.tr\/en\/wp-json\/wp\/v2\/media\/7905"}],"wp:attachment":[{"href":"https:\/\/insize.com.tr\/en\/wp-json\/wp\/v2\/media?parent=7903"}],"wp:term":[{"taxonomy":"product_brand","embeddable":true,"href":"https:\/\/insize.com.tr\/en\/wp-json\/wp\/v2\/product_brand?post=7903"},{"taxonomy":"product_cat","embeddable":true,"href":"https:\/\/insize.com.tr\/en\/wp-json\/wp\/v2\/product_cat?post=7903"},{"taxonomy":"product_tag","embeddable":true,"href":"https:\/\/insize.com.tr\/en\/wp-json\/wp\/v2\/product_tag?post=7903"}],"curies":[{"name":"wp","href":"https:\/\/api.w.org\/{rel}","templated":true}]}}