{"id":7912,"date":"2025-04-25T13:45:53","date_gmt":"2025-04-25T10:45:53","guid":{"rendered":"https:\/\/insize.com.tr\/?post_type=product&#038;p=7912"},"modified":"2026-04-21T10:42:54","modified_gmt":"2026-04-21T07:42:54","slug":"insize-0319-th60-mini-sicaklik-ve-nem-olcer","status":"publish","type":"product","link":"https:\/\/insize.com.tr\/en\/product\/insize-0319-th60-mini-sicaklik-ve-nem-olcer\/","title":{"rendered":"Insize 0319-TH60 Mini S\u0131cakl\u0131k ve Nem \u00d6l\u00e7er"},"content":{"rendered":"","protected":false},"excerpt":{"rendered":"<ul>\n<li>3.5&#8243; LCD ekran<\/li>\n<li>S\u0131cakl\u0131k\/nem\/zaman\/konfor g\u00f6stergesi<\/li>\n<li>En y\u00fcksek\/en d\u00fc\u015f\u00fck s\u0131cakl\u0131k ve nem haf\u0131za fonksiyonu<\/li>\n<li>Birim: \u00b0C\/\u00b0F<\/li>\n<li><a href=\"https:\/\/insize.com.tr\/wp-content\/uploads\/2026\/02\/0319-TH60.pdf\"><strong>PDF i\u00e7in t\u0131klay\u0131n\u0131z.<\/strong><\/a><\/li>\n<\/ul>","protected":false},"featured_media":7914,"comment_status":"open","ping_status":"closed","template":"","meta":{"inline_featured_image":false},"product_brand":[],"product_cat":[56],"product_tag":[],"class_list":{"0":"post-7912","1":"product","2":"type-product","3":"status-publish","4":"has-post-thumbnail","6":"product_cat-sicaklik-ve-nem-olcer","8":"first","9":"instock","10":"shipping-taxable","11":"purchasable","12":"product-type-simple"},"_links":{"self":[{"href":"https:\/\/insize.com.tr\/en\/wp-json\/wp\/v2\/product\/7912","targetHints":{"allow":["GET"]}}],"collection":[{"href":"https:\/\/insize.com.tr\/en\/wp-json\/wp\/v2\/product"}],"about":[{"href":"https:\/\/insize.com.tr\/en\/wp-json\/wp\/v2\/types\/product"}],"replies":[{"embeddable":true,"href":"https:\/\/insize.com.tr\/en\/wp-json\/wp\/v2\/comments?post=7912"}],"wp:featuredmedia":[{"embeddable":true,"href":"https:\/\/insize.com.tr\/en\/wp-json\/wp\/v2\/media\/7914"}],"wp:attachment":[{"href":"https:\/\/insize.com.tr\/en\/wp-json\/wp\/v2\/media?parent=7912"}],"wp:term":[{"taxonomy":"product_brand","embeddable":true,"href":"https:\/\/insize.com.tr\/en\/wp-json\/wp\/v2\/product_brand?post=7912"},{"taxonomy":"product_cat","embeddable":true,"href":"https:\/\/insize.com.tr\/en\/wp-json\/wp\/v2\/product_cat?post=7912"},{"taxonomy":"product_tag","embeddable":true,"href":"https:\/\/insize.com.tr\/en\/wp-json\/wp\/v2\/product_tag?post=7912"}],"curies":[{"name":"wp","href":"https:\/\/api.w.org\/{rel}","templated":true}]}}