{"id":8009,"date":"2025-04-29T13:14:54","date_gmt":"2025-04-29T10:14:54","guid":{"rendered":"https:\/\/insize.com.tr\/?post_type=product&#038;p=8009"},"modified":"2026-04-21T08:22:29","modified_gmt":"2026-04-21T05:22:29","slug":"insize-8102-elektronik-yogunluk-terazisi","status":"publish","type":"product","link":"https:\/\/insize.com.tr\/en\/product\/insize-8102-elektronik-yogunluk-terazisi\/","title":{"rendered":"Insize 8102 Elektronik Yo\u011funluk Terazisi"},"content":{"rendered":"","protected":false},"excerpt":{"rendered":"<ul>\n<li>Kat\u0131lar\u0131n ve s\u0131v\u0131lar\u0131n yo\u011funlu\u011funu \u00f6l\u00e7mek i\u00e7in uygundur<\/li>\n<li>Al\u00fcminyum ala\u015f\u0131ml\u0131 g\u00f6vde, r\u00fczgarl\u0131k, \u00fc\u00e7 taraf\u0131 cam s\u00fcrg\u00fcl\u00fc kap\u0131lar<\/li>\n<li>Altta bir kanca ile<\/li>\n<li>Tart\u0131m, say\u0131m, s\u0131f\u0131ra alma, y\u00fczde g\u00f6sterimi<\/li>\n<li>Dahili kalibrasyon a\u011f\u0131rl\u0131klar\u0131, otomatik dahili kalibrasyon<\/li>\n<li>Birim: g, ct, ozt, oz, gn, dwt, mg<\/li>\n<li>Elektromanyetik dengeli sens\u00f6r<\/li>\n<li>B\u00fcy\u00fck dokunmatik ekran<\/li>\n<li>Veri \u00e7\u0131k\u0131\u015f\u0131\n<p><a href=\"https:\/\/insize.com.tr\/wp-content\/uploads\/2026\/02\/8102.pdf\"><strong>PDF i\u00e7in t\u0131klay\u0131n\u0131z.<\/strong><\/a><\/li>\n<li><a href=\"https:\/\/insize.com.tr\/wp-content\/uploads\/2026\/03\/8102-E-V0.pdf\"><strong>Kullan\u0131m K\u0131lavuzu<\/strong><\/a><\/li>\n<\/ul>","protected":false},"featured_media":8011,"comment_status":"open","ping_status":"closed","template":"","meta":{"inline_featured_image":false},"product_brand":[],"product_cat":[55],"product_tag":[],"class_list":{"0":"post-8009","1":"product","2":"type-product","3":"status-publish","4":"has-post-thumbnail","6":"product_cat-kantar","8":"first","9":"instock","10":"shipping-taxable","11":"purchasable","12":"product-type-simple"},"_links":{"self":[{"href":"https:\/\/insize.com.tr\/en\/wp-json\/wp\/v2\/product\/8009","targetHints":{"allow":["GET"]}}],"collection":[{"href":"https:\/\/insize.com.tr\/en\/wp-json\/wp\/v2\/product"}],"about":[{"href":"https:\/\/insize.com.tr\/en\/wp-json\/wp\/v2\/types\/product"}],"replies":[{"embeddable":true,"href":"https:\/\/insize.com.tr\/en\/wp-json\/wp\/v2\/comments?post=8009"}],"wp:featuredmedia":[{"embeddable":true,"href":"https:\/\/insize.com.tr\/en\/wp-json\/wp\/v2\/media\/8011"}],"wp:attachment":[{"href":"https:\/\/insize.com.tr\/en\/wp-json\/wp\/v2\/media?parent=8009"}],"wp:term":[{"taxonomy":"product_brand","embeddable":true,"href":"https:\/\/insize.com.tr\/en\/wp-json\/wp\/v2\/product_brand?post=8009"},{"taxonomy":"product_cat","embeddable":true,"href":"https:\/\/insize.com.tr\/en\/wp-json\/wp\/v2\/product_cat?post=8009"},{"taxonomy":"product_tag","embeddable":true,"href":"https:\/\/insize.com.tr\/en\/wp-json\/wp\/v2\/product_tag?post=8009"}],"curies":[{"name":"wp","href":"https:\/\/api.w.org\/{rel}","templated":true}]}}