{"id":8015,"date":"2025-04-29T13:26:04","date_gmt":"2025-04-29T10:26:04","guid":{"rendered":"https:\/\/insize.com.tr\/?post_type=product&#038;p=8015"},"modified":"2026-04-21T08:22:29","modified_gmt":"2026-04-21T05:22:29","slug":"insize-4950-elektronik-blok-terazi","status":"publish","type":"product","link":"https:\/\/insize.com.tr\/en\/product\/insize-4950-elektronik-blok-terazi\/","title":{"rendered":"Insize 4950 Elektronik Blok Terazi"},"content":{"rendered":"","protected":false},"excerpt":{"rendered":"<ul>\n<li>D\u00fc\u011fme i\u015flevi: g\u00fc\u00e7 anahtar\u0131, s\u0131f\u0131rlama, veri kaydetme, ABS\/REF<\/li>\n<li>LCD&#8217;de 8 set \u00f6l\u00e7\u00fcm verisi kaydedilebilir<\/li>\n<li>\u015eaftlar i\u00e7in altta V-oluk (\u015faft \u00e7ap\u0131 14~75mm)<\/li>\n<li>Enine flakon ile<\/li>\n<li>Li-ion pil g\u00fc\u00e7 kayna\u011f\u0131, 30 saat s\u00fcrekli \u00e7al\u0131\u015fma i\u00e7in<\/li>\n<li>Li-ion pil \u015farj cihaz\u0131 ile birlikte verilir\n<p><a href=\"https:\/\/insize.com.tr\/wp-content\/uploads\/2025\/04\/4950.pdf\"><strong>PDF i\u00e7in t\u0131klay\u0131n\u0131z.<\/strong><\/a><\/li>\n<li><a href=\"https:\/\/insize.com.tr\/wp-content\/uploads\/2026\/03\/4950-E-V2.pdf\"><strong>Kullan\u0131m K\u0131lavuzu<\/strong><\/a><\/li>\n<\/ul>","protected":false},"featured_media":8017,"comment_status":"open","ping_status":"closed","template":"","meta":{"inline_featured_image":false},"product_brand":[],"product_cat":[55],"product_tag":[],"class_list":{"0":"post-8015","1":"product","2":"type-product","3":"status-publish","4":"has-post-thumbnail","6":"product_cat-kantar","8":"first","9":"instock","10":"shipping-taxable","11":"purchasable","12":"product-type-simple"},"_links":{"self":[{"href":"https:\/\/insize.com.tr\/en\/wp-json\/wp\/v2\/product\/8015","targetHints":{"allow":["GET"]}}],"collection":[{"href":"https:\/\/insize.com.tr\/en\/wp-json\/wp\/v2\/product"}],"about":[{"href":"https:\/\/insize.com.tr\/en\/wp-json\/wp\/v2\/types\/product"}],"replies":[{"embeddable":true,"href":"https:\/\/insize.com.tr\/en\/wp-json\/wp\/v2\/comments?post=8015"}],"wp:featuredmedia":[{"embeddable":true,"href":"https:\/\/insize.com.tr\/en\/wp-json\/wp\/v2\/media\/8017"}],"wp:attachment":[{"href":"https:\/\/insize.com.tr\/en\/wp-json\/wp\/v2\/media?parent=8015"}],"wp:term":[{"taxonomy":"product_brand","embeddable":true,"href":"https:\/\/insize.com.tr\/en\/wp-json\/wp\/v2\/product_brand?post=8015"},{"taxonomy":"product_cat","embeddable":true,"href":"https:\/\/insize.com.tr\/en\/wp-json\/wp\/v2\/product_cat?post=8015"},{"taxonomy":"product_tag","embeddable":true,"href":"https:\/\/insize.com.tr\/en\/wp-json\/wp\/v2\/product_tag?post=8015"}],"curies":[{"name":"wp","href":"https:\/\/api.w.org\/{rel}","templated":true}]}}