{"id":8027,"date":"2025-04-29T13:40:24","date_gmt":"2025-04-29T10:40:24","guid":{"rendered":"https:\/\/insize.com.tr\/?post_type=product&#038;p=8027"},"modified":"2026-04-21T08:22:29","modified_gmt":"2026-04-21T05:22:29","slug":"insize-4952-kablosuz-elektronik-su-terazisi","status":"publish","type":"product","link":"https:\/\/insize.com.tr\/en\/product\/insize-4952-kablosuz-elektronik-su-terazisi\/","title":{"rendered":"Insize 4952 Kablosuz Elektronik Su Terazisi"},"content":{"rendered":"","protected":false},"excerpt":{"rendered":"<ul>\n<li>D\u00fczl\u00fck, paralellik ve do\u011frulu\u011fu \u00f6l\u00e7er<\/li>\n<li>Dahili kablosuz iletim mod\u00fcl\u00fc, 433MHz sinyal, bilgisayara kablosuz ba\u011flant\u0131, iletim mesafesi 50m<\/li>\n<li>LCD, farkl\u0131 y\u00f6nlerde kolay g\u00f6zlem i\u00e7in d\u00f6nd\u00fcr\u00fclebilir<\/li>\n<li>Kolay eri\u015fim i\u00e7in sapl\u0131 olarak tasarlanm\u0131\u015ft\u0131r<\/li>\n<li>\u015eaftlar i\u00e7in altta V-oluk<\/li>\n<li>\u00d6l\u00e7\u00fcm ve analiz yaz\u0131l\u0131m\u0131 ile birlikte verilir<\/li>\n<li>\u0130ste\u011fe ba\u011fl\u0131 aksesuar: k\u00f6pr\u00fc plakas\u0131 (kod 4952-01)<\/li>\n<li><a href=\"https:\/\/insize.com.tr\/wp-content\/uploads\/2025\/04\/4952.pdf\"><strong>PDF i\u00e7in t\u0131klay\u0131n\u0131z.<\/strong><\/a><\/li>\n<li><a href=\"https:\/\/insize.com.tr\/wp-content\/uploads\/2026\/03\/4952-E-V2.pdf\"><strong>Kullan\u0131m K\u0131lavuzu<\/strong><\/a><\/li>\n<\/ul>","protected":false},"featured_media":8029,"comment_status":"open","ping_status":"closed","template":"","meta":{"inline_featured_image":false},"product_brand":[],"product_cat":[55],"product_tag":[],"class_list":{"0":"post-8027","1":"product","2":"type-product","3":"status-publish","4":"has-post-thumbnail","6":"product_cat-kantar","8":"first","9":"instock","10":"shipping-taxable","11":"purchasable","12":"product-type-simple"},"_links":{"self":[{"href":"https:\/\/insize.com.tr\/en\/wp-json\/wp\/v2\/product\/8027","targetHints":{"allow":["GET"]}}],"collection":[{"href":"https:\/\/insize.com.tr\/en\/wp-json\/wp\/v2\/product"}],"about":[{"href":"https:\/\/insize.com.tr\/en\/wp-json\/wp\/v2\/types\/product"}],"replies":[{"embeddable":true,"href":"https:\/\/insize.com.tr\/en\/wp-json\/wp\/v2\/comments?post=8027"}],"wp:featuredmedia":[{"embeddable":true,"href":"https:\/\/insize.com.tr\/en\/wp-json\/wp\/v2\/media\/8029"}],"wp:attachment":[{"href":"https:\/\/insize.com.tr\/en\/wp-json\/wp\/v2\/media?parent=8027"}],"wp:term":[{"taxonomy":"product_brand","embeddable":true,"href":"https:\/\/insize.com.tr\/en\/wp-json\/wp\/v2\/product_brand?post=8027"},{"taxonomy":"product_cat","embeddable":true,"href":"https:\/\/insize.com.tr\/en\/wp-json\/wp\/v2\/product_cat?post=8027"},{"taxonomy":"product_tag","embeddable":true,"href":"https:\/\/insize.com.tr\/en\/wp-json\/wp\/v2\/product_tag?post=8027"}],"curies":[{"name":"wp","href":"https:\/\/api.w.org\/{rel}","templated":true}]}}