{"id":8056,"date":"2025-04-29T15:33:28","date_gmt":"2025-04-29T12:33:28","guid":{"rendered":"https:\/\/insize.com.tr\/?post_type=product&#038;p=8056"},"modified":"2026-04-21T10:42:54","modified_gmt":"2026-04-21T07:42:54","slug":"insize-0218-b610-kizilotesi-termometre-yuksek-sicakliklar-icin","status":"publish","type":"product","link":"https:\/\/insize.com.tr\/en\/product\/insize-0218-b610-kizilotesi-termometre-yuksek-sicakliklar-icin\/","title":{"rendered":"Insize 0218-B610 K\u0131z\u0131l\u00f6tesi Termometre (Y\u00fcksek S\u0131cakl\u0131klar \u0130\u00e7in)"},"content":{"rendered":"","protected":false},"excerpt":{"rendered":"<ul>\n<li>Birim: \u00b0C\/\u00b0F<\/li>\n<li>MAX\/MIN\/ORT\/FARK modu<\/li>\n<li>Tetik kilidi s\u00fcrekli \u00f6l\u00e7\u00fcm fonksiyonu<\/li>\n<li>Ayarlanabilir emisivite: 0.10~1.00<\/li>\n<li>100 veri depolama<\/li>\n<li>Y\u00fcksek ve d\u00fc\u015f\u00fck alarm<\/li>\n<li>Otomatik veri tutma<\/li>\n<li>D\u00fc\u015f\u00fck pil ekran\u0131<\/li>\n<li>Otomatik kapanma<\/li>\n<li>Bilgisayar yaz\u0131l\u0131m\u0131 dahildir<\/li>\n<li><a href=\"https:\/\/insize.com.tr\/wp-content\/uploads\/2026\/02\/0218-B610.pdf\"><strong>PDF i\u00e7in t\u0131klay\u0131n\u0131z.<\/strong><\/a><\/li>\n<\/ul>","protected":false},"featured_media":8058,"comment_status":"open","ping_status":"closed","template":"","meta":{"inline_featured_image":false},"product_brand":[],"product_cat":[15,56],"product_tag":[],"class_list":{"0":"post-8056","1":"product","2":"type-product","3":"status-publish","4":"has-post-thumbnail","6":"product_cat-yeni-urunler","7":"product_cat-sicaklik-ve-nem-olcer","9":"first","10":"instock","11":"shipping-taxable","12":"purchasable","13":"product-type-simple"},"_links":{"self":[{"href":"https:\/\/insize.com.tr\/en\/wp-json\/wp\/v2\/product\/8056","targetHints":{"allow":["GET"]}}],"collection":[{"href":"https:\/\/insize.com.tr\/en\/wp-json\/wp\/v2\/product"}],"about":[{"href":"https:\/\/insize.com.tr\/en\/wp-json\/wp\/v2\/types\/product"}],"replies":[{"embeddable":true,"href":"https:\/\/insize.com.tr\/en\/wp-json\/wp\/v2\/comments?post=8056"}],"wp:featuredmedia":[{"embeddable":true,"href":"https:\/\/insize.com.tr\/en\/wp-json\/wp\/v2\/media\/8058"}],"wp:attachment":[{"href":"https:\/\/insize.com.tr\/en\/wp-json\/wp\/v2\/media?parent=8056"}],"wp:term":[{"taxonomy":"product_brand","embeddable":true,"href":"https:\/\/insize.com.tr\/en\/wp-json\/wp\/v2\/product_brand?post=8056"},{"taxonomy":"product_cat","embeddable":true,"href":"https:\/\/insize.com.tr\/en\/wp-json\/wp\/v2\/product_cat?post=8056"},{"taxonomy":"product_tag","embeddable":true,"href":"https:\/\/insize.com.tr\/en\/wp-json\/wp\/v2\/product_tag?post=8056"}],"curies":[{"name":"wp","href":"https:\/\/api.w.org\/{rel}","templated":true}]}}