{"id":8072,"date":"2025-05-02T12:26:15","date_gmt":"2025-05-02T09:26:15","guid":{"rendered":"https:\/\/insize.com.tr\/?post_type=product&#038;p=8072"},"modified":"2026-04-21T10:42:54","modified_gmt":"2026-04-21T07:42:54","slug":"insize-0323-ct47-termokupl-termometre","status":"publish","type":"product","link":"https:\/\/insize.com.tr\/en\/product\/insize-0323-ct47-termokupl-termometre\/","title":{"rendered":"Insize 0323-CT47 Termokupl Termometre"},"content":{"rendered":"","protected":false},"excerpt":{"rendered":"<ul>\n<li>Birim: \u00b0C\/\u00b0F\/K<\/li>\n<li>Kanallar 7 tip termokupl K, J, T, E, R, S ve N ile uyumludur<\/li>\n<li>MAX\/MIN\/ORT\/FARK modu<\/li>\n<li>72000 veri depolama<\/li>\n<li>Ofset de\u011feri telafisi<\/li>\n<li>Veri tutma i\u015flevi<\/li>\n<li>Ekran arka \u0131\u015f\u0131\u011f\u0131<\/li>\n<li>Aral\u0131k a\u015f\u0131m\u0131 g\u00f6stergesi<\/li>\n<li>Pil seviyesi g\u00f6stergesi<\/li>\n<li>Otomatik kapanma<\/li>\n<li>Dahili Bluetooth, mobil APP dahildir<\/li>\n<li>Bilgisayar yaz\u0131l\u0131m\u0131 dahildir<\/li>\n<li><a href=\"https:\/\/insize.com.tr\/wp-content\/uploads\/2026\/02\/0323-CT47.pdf\"><strong>PDF i\u00e7in t\u0131klay\u0131n\u0131z.<\/strong><\/a><\/li>\n<\/ul>","protected":false},"featured_media":8075,"comment_status":"open","ping_status":"closed","template":"","meta":{"inline_featured_image":false},"product_brand":[],"product_cat":[15,56],"product_tag":[],"class_list":{"0":"post-8072","1":"product","2":"type-product","3":"status-publish","4":"has-post-thumbnail","6":"product_cat-yeni-urunler","7":"product_cat-sicaklik-ve-nem-olcer","9":"first","10":"instock","11":"shipping-taxable","12":"purchasable","13":"product-type-simple"},"_links":{"self":[{"href":"https:\/\/insize.com.tr\/en\/wp-json\/wp\/v2\/product\/8072","targetHints":{"allow":["GET"]}}],"collection":[{"href":"https:\/\/insize.com.tr\/en\/wp-json\/wp\/v2\/product"}],"about":[{"href":"https:\/\/insize.com.tr\/en\/wp-json\/wp\/v2\/types\/product"}],"replies":[{"embeddable":true,"href":"https:\/\/insize.com.tr\/en\/wp-json\/wp\/v2\/comments?post=8072"}],"wp:featuredmedia":[{"embeddable":true,"href":"https:\/\/insize.com.tr\/en\/wp-json\/wp\/v2\/media\/8075"}],"wp:attachment":[{"href":"https:\/\/insize.com.tr\/en\/wp-json\/wp\/v2\/media?parent=8072"}],"wp:term":[{"taxonomy":"product_brand","embeddable":true,"href":"https:\/\/insize.com.tr\/en\/wp-json\/wp\/v2\/product_brand?post=8072"},{"taxonomy":"product_cat","embeddable":true,"href":"https:\/\/insize.com.tr\/en\/wp-json\/wp\/v2\/product_cat?post=8072"},{"taxonomy":"product_tag","embeddable":true,"href":"https:\/\/insize.com.tr\/en\/wp-json\/wp\/v2\/product_tag?post=8072"}],"curies":[{"name":"wp","href":"https:\/\/api.w.org\/{rel}","templated":true}]}}