{"id":8103,"date":"2025-05-02T15:27:20","date_gmt":"2025-05-02T12:27:20","guid":{"rendered":"https:\/\/insize.com.tr\/?post_type=product&#038;p=8103"},"modified":"2026-04-21T08:22:30","modified_gmt":"2026-04-21T05:22:30","slug":"insize-8205-kablosuz-elektronik-vinc-terazi","status":"publish","type":"product","link":"https:\/\/insize.com.tr\/en\/product\/insize-8205-kablosuz-elektronik-vinc-terazi\/","title":{"rendered":"Insize 8205 Kablosuz Elektronik Vin\u00e7 Terazi"},"content":{"rendered":"","protected":false},"excerpt":{"rendered":"<ul>\n<li>Kablosuz s\u0131f\u0131rlama, bo\u015f de\u011fer \u00e7\u0131karma, toplam alma<\/li>\n<li>Uzaktan okuma<\/li>\n<li>100 metreye kadar kablosuz iletim mesafesi<\/li>\n<li>D\u00fc\u015f\u00fck voltaj g\u00f6stergesi, a\u015f\u0131r\u0131 y\u00fck alarm\u0131<\/li>\n<li>Birim: kg, lb<\/li>\n<li>Otomatik kapanma<\/li>\n<li><a href=\"https:\/\/insize.com.tr\/wp-content\/uploads\/2026\/02\/8205.pdf\"><strong>PDF i\u00e7in t\u0131klay\u0131n\u0131z.<\/strong><\/a><\/li>\n<\/ul>","protected":false},"featured_media":8105,"comment_status":"open","ping_status":"closed","template":"","meta":{"inline_featured_image":false},"product_brand":[],"product_cat":[55,551],"product_tag":[],"class_list":{"0":"post-8103","1":"product","2":"type-product","3":"status-publish","4":"has-post-thumbnail","6":"product_cat-kantar","7":"product_cat-test-cihazlari","9":"first","10":"instock","11":"shipping-taxable","12":"purchasable","13":"product-type-simple"},"_links":{"self":[{"href":"https:\/\/insize.com.tr\/en\/wp-json\/wp\/v2\/product\/8103","targetHints":{"allow":["GET"]}}],"collection":[{"href":"https:\/\/insize.com.tr\/en\/wp-json\/wp\/v2\/product"}],"about":[{"href":"https:\/\/insize.com.tr\/en\/wp-json\/wp\/v2\/types\/product"}],"replies":[{"embeddable":true,"href":"https:\/\/insize.com.tr\/en\/wp-json\/wp\/v2\/comments?post=8103"}],"wp:featuredmedia":[{"embeddable":true,"href":"https:\/\/insize.com.tr\/en\/wp-json\/wp\/v2\/media\/8105"}],"wp:attachment":[{"href":"https:\/\/insize.com.tr\/en\/wp-json\/wp\/v2\/media?parent=8103"}],"wp:term":[{"taxonomy":"product_brand","embeddable":true,"href":"https:\/\/insize.com.tr\/en\/wp-json\/wp\/v2\/product_brand?post=8103"},{"taxonomy":"product_cat","embeddable":true,"href":"https:\/\/insize.com.tr\/en\/wp-json\/wp\/v2\/product_cat?post=8103"},{"taxonomy":"product_tag","embeddable":true,"href":"https:\/\/insize.com.tr\/en\/wp-json\/wp\/v2\/product_tag?post=8103"}],"curies":[{"name":"wp","href":"https:\/\/api.w.org\/{rel}","templated":true}]}}