{"id":8174,"date":"2025-05-06T14:46:44","date_gmt":"2025-05-06T11:46:44","guid":{"rendered":"https:\/\/insize.com.tr\/?post_type=product&#038;p=8174"},"modified":"2026-04-21T08:22:31","modified_gmt":"2026-04-21T05:22:31","slug":"insize-8604-tasinabilir-vinc-terazi","status":"publish","type":"product","link":"https:\/\/insize.com.tr\/en\/product\/insize-8604-tasinabilir-vinc-terazi\/","title":{"rendered":"Insize 8604 Ta\u015f\u0131nabilir Vin\u00e7 Terazi"},"content":{"rendered":"","protected":false},"excerpt":{"rendered":"<ul>\n<li>S\u0131f\u0131r ayar\u0131, tare de\u011ferinin \u00e7\u0131kar\u0131lmas\u0131<\/li>\n<li>Otomatik kapanma<\/li>\n<li>Arkadan ayd\u0131nlatmal\u0131 LCD ekran<\/li>\n<li>Birim: kg<\/li>\n<li>A\u015f\u0131r\u0131 y\u00fck g\u00f6stergesi\n<p><a href=\"https:\/\/insize.com.tr\/wp-content\/uploads\/2025\/05\/8604.pdf\"><strong>PDF i\u00e7in t\u0131klay\u0131n\u0131z.<\/strong><\/a><\/li>\n<\/ul>","protected":false},"featured_media":8176,"comment_status":"open","ping_status":"closed","template":"","meta":{"inline_featured_image":false},"product_brand":[],"product_cat":[55],"product_tag":[],"class_list":{"0":"post-8174","1":"product","2":"type-product","3":"status-publish","4":"has-post-thumbnail","6":"product_cat-kantar","8":"first","9":"instock","10":"shipping-taxable","11":"purchasable","12":"product-type-simple"},"_links":{"self":[{"href":"https:\/\/insize.com.tr\/en\/wp-json\/wp\/v2\/product\/8174","targetHints":{"allow":["GET"]}}],"collection":[{"href":"https:\/\/insize.com.tr\/en\/wp-json\/wp\/v2\/product"}],"about":[{"href":"https:\/\/insize.com.tr\/en\/wp-json\/wp\/v2\/types\/product"}],"replies":[{"embeddable":true,"href":"https:\/\/insize.com.tr\/en\/wp-json\/wp\/v2\/comments?post=8174"}],"wp:featuredmedia":[{"embeddable":true,"href":"https:\/\/insize.com.tr\/en\/wp-json\/wp\/v2\/media\/8176"}],"wp:attachment":[{"href":"https:\/\/insize.com.tr\/en\/wp-json\/wp\/v2\/media?parent=8174"}],"wp:term":[{"taxonomy":"product_brand","embeddable":true,"href":"https:\/\/insize.com.tr\/en\/wp-json\/wp\/v2\/product_brand?post=8174"},{"taxonomy":"product_cat","embeddable":true,"href":"https:\/\/insize.com.tr\/en\/wp-json\/wp\/v2\/product_cat?post=8174"},{"taxonomy":"product_tag","embeddable":true,"href":"https:\/\/insize.com.tr\/en\/wp-json\/wp\/v2\/product_tag?post=8174"}],"curies":[{"name":"wp","href":"https:\/\/api.w.org\/{rel}","templated":true}]}}