{"id":8198,"date":"2025-05-06T16:21:57","date_gmt":"2025-05-06T13:21:57","guid":{"rendered":"https:\/\/insize.com.tr\/?post_type=product&#038;p=8198"},"modified":"2026-04-21T08:22:31","modified_gmt":"2026-04-21T05:22:31","slug":"insize-isv-h-boroskop-fiksturu","status":"publish","type":"product","link":"https:\/\/insize.com.tr\/en\/product\/insize-isv-h-boroskop-fiksturu\/","title":{"rendered":"Insize ISV-H Boroskop Fikst\u00fcr\u00fc"},"content":{"rendered":"","protected":false},"excerpt":{"rendered":"<ul>\n<li>Tutamaca g\u00f6re d\u00f6nd\u00fcrme<\/li>\n<li>Boroskopu kayar ray boyunca hareket ettirin<\/li>\n<li>\u0130\u015f par\u00e7alar\u0131n\u0131n i\u00e7ini g\u00f6r\u00fcnt\u00fclemek i\u00e7in<\/li>\n<li>\u0130\u015f par\u00e7alar\u0131na g\u00f6re \u00f6zelle\u015ftirilebilir\n<p><a href=\"https:\/\/insize.com.tr\/wp-content\/uploads\/2025\/05\/ISV-H001.pdf\"><strong>PDF i\u00e7in t\u0131klay\u0131n\u0131z.<\/strong><\/a><\/li>\n<li><a href=\"https:\/\/insize.com.tr\/wp-content\/uploads\/2026\/03\/ISV-J-E-V0.pdf\"><strong>Kullan\u0131m K\u0131lavuzu<\/strong><\/a><\/li>\n<\/ul>","protected":false},"featured_media":8200,"comment_status":"open","ping_status":"closed","template":"","meta":{"inline_featured_image":false},"product_brand":[],"product_cat":[15,33],"product_tag":[],"class_list":{"0":"post-8198","1":"product","2":"type-product","3":"status-publish","4":"has-post-thumbnail","6":"product_cat-yeni-urunler","7":"product_cat-videoskoplar-sabit-boroskoplar","9":"first","10":"instock","11":"shipping-taxable","12":"purchasable","13":"product-type-simple"},"_links":{"self":[{"href":"https:\/\/insize.com.tr\/en\/wp-json\/wp\/v2\/product\/8198","targetHints":{"allow":["GET"]}}],"collection":[{"href":"https:\/\/insize.com.tr\/en\/wp-json\/wp\/v2\/product"}],"about":[{"href":"https:\/\/insize.com.tr\/en\/wp-json\/wp\/v2\/types\/product"}],"replies":[{"embeddable":true,"href":"https:\/\/insize.com.tr\/en\/wp-json\/wp\/v2\/comments?post=8198"}],"wp:featuredmedia":[{"embeddable":true,"href":"https:\/\/insize.com.tr\/en\/wp-json\/wp\/v2\/media\/8200"}],"wp:attachment":[{"href":"https:\/\/insize.com.tr\/en\/wp-json\/wp\/v2\/media?parent=8198"}],"wp:term":[{"taxonomy":"product_brand","embeddable":true,"href":"https:\/\/insize.com.tr\/en\/wp-json\/wp\/v2\/product_brand?post=8198"},{"taxonomy":"product_cat","embeddable":true,"href":"https:\/\/insize.com.tr\/en\/wp-json\/wp\/v2\/product_cat?post=8198"},{"taxonomy":"product_tag","embeddable":true,"href":"https:\/\/insize.com.tr\/en\/wp-json\/wp\/v2\/product_tag?post=8198"}],"curies":[{"name":"wp","href":"https:\/\/api.w.org\/{rel}","templated":true}]}}