{"id":8216,"date":"2025-05-07T14:10:40","date_gmt":"2025-05-07T11:10:40","guid":{"rendered":"https:\/\/insize.com.tr\/?post_type=product&#038;p=8216"},"modified":"2026-04-21T08:22:32","modified_gmt":"2026-04-21T05:22:32","slug":"insize-isv-cf5-4k-karbon-fiber-teleskobik-sapli-videoskop","status":"publish","type":"product","link":"https:\/\/insize.com.tr\/en\/product\/insize-isv-cf5-4k-karbon-fiber-teleskobik-sapli-videoskop\/","title":{"rendered":"Insize ISV-CF5 4K Karbon Fiber Teleskobik Sapl\u0131 Videoskop"},"content":{"rendered":"","protected":false},"excerpt":{"rendered":"<ul>\n<li>Lens g\u00f6r\u00fcn\u00fcm\u00fcn\u00fcn \u00e7ift motorlu kontrol\u00fc, 300\u00b0 yatay ve 360\u00b0 dikey d\u00f6n\u00fc\u015f<\/li>\n<li>4K HD ger\u00e7ek renkli kamera<\/li>\n<li>Gece ve g\u00fcnd\u00fcz kullan\u0131m\u0131 i\u00e7in dahili k\u0131z\u0131l\u00f6tesi ve beyaz \u0131\u015f\u0131k<\/li>\n<li>SD kart\u0131 tak\u0131n ve foto\u011fraflar\u0131, videolar\u0131 d\u0131\u015fa aktar\u0131n<\/li>\n<li><a href=\"https:\/\/insize.com.tr\/wp-content\/uploads\/2026\/02\/ISV-CF5.pdf\"><strong>PDF i\u00e7in t\u0131klay\u0131n\u0131z.<\/strong><\/a><\/li>\n<\/ul>","protected":false},"featured_media":8218,"comment_status":"open","ping_status":"closed","template":"","meta":{"inline_featured_image":false},"product_brand":[],"product_cat":[33],"product_tag":[],"class_list":{"0":"post-8216","1":"product","2":"type-product","3":"status-publish","4":"has-post-thumbnail","6":"product_cat-videoskoplar-sabit-boroskoplar","8":"first","9":"instock","10":"shipping-taxable","11":"purchasable","12":"product-type-simple"},"_links":{"self":[{"href":"https:\/\/insize.com.tr\/en\/wp-json\/wp\/v2\/product\/8216","targetHints":{"allow":["GET"]}}],"collection":[{"href":"https:\/\/insize.com.tr\/en\/wp-json\/wp\/v2\/product"}],"about":[{"href":"https:\/\/insize.com.tr\/en\/wp-json\/wp\/v2\/types\/product"}],"replies":[{"embeddable":true,"href":"https:\/\/insize.com.tr\/en\/wp-json\/wp\/v2\/comments?post=8216"}],"wp:featuredmedia":[{"embeddable":true,"href":"https:\/\/insize.com.tr\/en\/wp-json\/wp\/v2\/media\/8218"}],"wp:attachment":[{"href":"https:\/\/insize.com.tr\/en\/wp-json\/wp\/v2\/media?parent=8216"}],"wp:term":[{"taxonomy":"product_brand","embeddable":true,"href":"https:\/\/insize.com.tr\/en\/wp-json\/wp\/v2\/product_brand?post=8216"},{"taxonomy":"product_cat","embeddable":true,"href":"https:\/\/insize.com.tr\/en\/wp-json\/wp\/v2\/product_cat?post=8216"},{"taxonomy":"product_tag","embeddable":true,"href":"https:\/\/insize.com.tr\/en\/wp-json\/wp\/v2\/product_tag?post=8216"}],"curies":[{"name":"wp","href":"https:\/\/api.w.org\/{rel}","templated":true}]}}