{"id":8236,"date":"2025-05-07T15:18:43","date_gmt":"2025-05-07T12:18:43","guid":{"rendered":"https:\/\/insize.com.tr\/?post_type=product&#038;p=8236"},"modified":"2026-04-21T08:22:32","modified_gmt":"2026-04-21T05:22:32","slug":"insize-hdt-mb325-hdt-mb326-otomatik-brinell-olcum-sistemi","status":"publish","type":"product","link":"https:\/\/insize.com.tr\/en\/product\/insize-hdt-mb325-hdt-mb326-otomatik-brinell-olcum-sistemi\/","title":{"rendered":"Insize HDT-MB325\/HDT-MB326 Otomatik Brinell \u00d6l\u00e7\u00fcm Sistemi"},"content":{"rendered":"","protected":false},"excerpt":{"rendered":"<ul>\n<li>Girinti \u00e7ap\u0131n\u0131n otomatik veya manuel olarak \u00f6l\u00e7\u00fclmesi ve buna kar\u015f\u0131l\u0131k gelen Brinell sertlik de\u011ferinin hesaplanmas\u0131.<\/li>\n<li>\u00d6l\u00e7\u00fclen sertli\u011fin ortalamas\u0131 ve varyans\u0131 gibi istatistiksel de\u011ferleri otomatik olarak hesaplar.<\/li>\n<li>Anormal de\u011ferlerin otomatik etiketlenmesi, sertlik belirlenen de\u011feri a\u015ft\u0131\u011f\u0131nda otomatik alarm.<\/li>\n<li>Girinti g\u00f6r\u00fcnt\u00fcleri de dahil olmak \u00fczere \u00f6l\u00e7\u00fcm verileri dosyada saklanabilir<\/li>\n<li>Sistem Word veya Excel format\u0131nda otomatik olarak raporlar \u00fcretebilir<\/li>\n<li><a href=\"https:\/\/insize.com.tr\/wp-content\/uploads\/2026\/02\/HDT-MB325.pdf\"><strong>PDF i\u00e7in t\u0131klay\u0131n\u0131z.<\/strong><\/a><\/li>\n<\/ul>","protected":false},"featured_media":10276,"comment_status":"open","ping_status":"closed","template":"","meta":{"inline_featured_image":false},"product_brand":[],"product_cat":[34,551],"product_tag":[],"class_list":{"0":"post-8236","1":"product","2":"type-product","3":"status-publish","4":"has-post-thumbnail","6":"product_cat-tasinabilir-cihazlar","7":"product_cat-test-cihazlari","9":"first","10":"instock","11":"shipping-taxable","12":"purchasable","13":"product-type-simple"},"_links":{"self":[{"href":"https:\/\/insize.com.tr\/en\/wp-json\/wp\/v2\/product\/8236","targetHints":{"allow":["GET"]}}],"collection":[{"href":"https:\/\/insize.com.tr\/en\/wp-json\/wp\/v2\/product"}],"about":[{"href":"https:\/\/insize.com.tr\/en\/wp-json\/wp\/v2\/types\/product"}],"replies":[{"embeddable":true,"href":"https:\/\/insize.com.tr\/en\/wp-json\/wp\/v2\/comments?post=8236"}],"wp:featuredmedia":[{"embeddable":true,"href":"https:\/\/insize.com.tr\/en\/wp-json\/wp\/v2\/media\/10276"}],"wp:attachment":[{"href":"https:\/\/insize.com.tr\/en\/wp-json\/wp\/v2\/media?parent=8236"}],"wp:term":[{"taxonomy":"product_brand","embeddable":true,"href":"https:\/\/insize.com.tr\/en\/wp-json\/wp\/v2\/product_brand?post=8236"},{"taxonomy":"product_cat","embeddable":true,"href":"https:\/\/insize.com.tr\/en\/wp-json\/wp\/v2\/product_cat?post=8236"},{"taxonomy":"product_tag","embeddable":true,"href":"https:\/\/insize.com.tr\/en\/wp-json\/wp\/v2\/product_tag?post=8236"}],"curies":[{"name":"wp","href":"https:\/\/api.w.org\/{rel}","templated":true}]}}