{"id":8247,"date":"2025-05-08T14:26:42","date_gmt":"2025-05-08T11:26:42","guid":{"rendered":"https:\/\/insize.com.tr\/?post_type=product&#038;p=8247"},"modified":"2026-04-21T08:22:32","modified_gmt":"2026-04-21T05:22:32","slug":"insize-0322-yuksek-hassasiyetli-dijital-termometre","status":"publish","type":"product","link":"https:\/\/insize.com.tr\/en\/product\/insize-0322-yuksek-hassasiyetli-dijital-termometre\/","title":{"rendered":"Insize 0322 Y\u00fcksek Hassasiyetli Dijital Termometre"},"content":{"rendered":"","protected":false},"excerpt":{"rendered":"<ul>\n<li>S\u0131v\u0131, buhar ve gaz\u0131n s\u0131cakl\u0131\u011f\u0131n\u0131 \u00f6l\u00e7ebilir<\/li>\n<li>Ger\u00e7ek zamanl\u0131\/MAKS\/M\u0130N\/ORT s\u0131cakl\u0131k g\u00f6stergesi, ger\u00e7ek zamanl\u0131 diren\u00e7 g\u00f6stergesi<\/li>\n<li>Dahili yer\u00e7ekimi sens\u00f6r\u00fc, otomatik yatay veya dikey ekran g\u00f6sterimi<\/li>\n<li>Ekran arka \u0131\u015f\u0131\u011f\u0131<\/li>\n<li>Otomatik kapanma<\/li>\n<li>Yaz\u0131l\u0131m dahildir: \u00e7evrimi\u00e7i izleme, veri depolama\n<p><a href=\"https:\/\/insize.com.tr\/wp-content\/uploads\/2026\/02\/0322.pdf\"><strong>PDF i\u00e7in t\u0131klay\u0131n\u0131z.<\/strong><\/a><\/li>\n<\/ul>","protected":false},"featured_media":8249,"comment_status":"open","ping_status":"closed","template":"","meta":{"inline_featured_image":false},"product_brand":[],"product_cat":[15,56],"product_tag":[],"class_list":{"0":"post-8247","1":"product","2":"type-product","3":"status-publish","4":"has-post-thumbnail","6":"product_cat-yeni-urunler","7":"product_cat-sicaklik-ve-nem-olcer","9":"first","10":"instock","11":"shipping-taxable","12":"purchasable","13":"product-type-simple"},"_links":{"self":[{"href":"https:\/\/insize.com.tr\/en\/wp-json\/wp\/v2\/product\/8247","targetHints":{"allow":["GET"]}}],"collection":[{"href":"https:\/\/insize.com.tr\/en\/wp-json\/wp\/v2\/product"}],"about":[{"href":"https:\/\/insize.com.tr\/en\/wp-json\/wp\/v2\/types\/product"}],"replies":[{"embeddable":true,"href":"https:\/\/insize.com.tr\/en\/wp-json\/wp\/v2\/comments?post=8247"}],"wp:featuredmedia":[{"embeddable":true,"href":"https:\/\/insize.com.tr\/en\/wp-json\/wp\/v2\/media\/8249"}],"wp:attachment":[{"href":"https:\/\/insize.com.tr\/en\/wp-json\/wp\/v2\/media?parent=8247"}],"wp:term":[{"taxonomy":"product_brand","embeddable":true,"href":"https:\/\/insize.com.tr\/en\/wp-json\/wp\/v2\/product_brand?post=8247"},{"taxonomy":"product_cat","embeddable":true,"href":"https:\/\/insize.com.tr\/en\/wp-json\/wp\/v2\/product_cat?post=8247"},{"taxonomy":"product_tag","embeddable":true,"href":"https:\/\/insize.com.tr\/en\/wp-json\/wp\/v2\/product_tag?post=8247"}],"curies":[{"name":"wp","href":"https:\/\/api.w.org\/{rel}","templated":true}]}}