{"id":8289,"date":"2025-05-12T14:34:57","date_gmt":"2025-05-12T11:34:57","guid":{"rendered":"https:\/\/insize.com.tr\/?post_type=product&#038;p=8289"},"modified":"2026-04-21T10:42:54","modified_gmt":"2026-04-21T07:42:54","slug":"insize-0236-mc150-cep-telefonu-icin-kizilotesi-termal-goruntuleme-kamerasi","status":"publish","type":"product","link":"https:\/\/insize.com.tr\/en\/product\/insize-0236-mc150-cep-telefonu-icin-kizilotesi-termal-goruntuleme-kamerasi\/","title":{"rendered":"Insize 0236-MC150 Cep Telefonu \u0130\u00e7in K\u0131z\u0131l\u00f6tesi Termal G\u00f6r\u00fcnt\u00fcleme Kameras\u0131"},"content":{"rendered":"","protected":false},"excerpt":{"rendered":"<ul>\n<li>Ak\u0131ll\u0131 tar\u0131m, elektrik end\u00fcstrisi, mekanik end\u00fcstrisi, in\u015faat, \u0131s\u0131tma havaland\u0131rma ve iklimlendirme vb. i\u00e7in uygundur.<\/li>\n<li>Karanl\u0131k alanda y\u00fczlerce metre \u00f6tedeki insanlar\u0131 ve hayvanlar\u0131 net bir \u015fekilde tan\u0131mlay\u0131n<\/li>\n<li>Ekrana dokunarak nesnelere otomatik olarak odaklan\u0131n ve net termal g\u00f6r\u00fcnt\u00fcleri h\u0131zla \u00fcretin<\/li>\n<li>Analiz edilecek en fazla 3 nokta, 1 \u00e7izgi ve 2 alan<\/li>\n<li>Mobil Uygulama dahildir (sadece Android sistemi i\u00e7in)<\/li>\n<li><a href=\"https:\/\/insize.com.tr\/wp-content\/uploads\/2026\/02\/0236-MC150.pdf\"><strong>PDF i\u00e7in t\u0131klay\u0131n\u0131z.<\/strong><\/a><\/li>\n<li><a href=\"https:\/\/insize.com.tr\/wp-content\/uploads\/2026\/03\/0236-MC150-E-V0.pdf\"><strong>Kullan\u0131m K\u0131lavuzu<\/strong><\/a><\/li>\n<\/ul>","protected":false},"featured_media":8291,"comment_status":"open","ping_status":"closed","template":"","meta":{"inline_featured_image":false},"product_brand":[],"product_cat":[15,56],"product_tag":[],"class_list":{"0":"post-8289","1":"product","2":"type-product","3":"status-publish","4":"has-post-thumbnail","6":"product_cat-yeni-urunler","7":"product_cat-sicaklik-ve-nem-olcer","9":"first","10":"instock","11":"shipping-taxable","12":"purchasable","13":"product-type-simple"},"_links":{"self":[{"href":"https:\/\/insize.com.tr\/en\/wp-json\/wp\/v2\/product\/8289","targetHints":{"allow":["GET"]}}],"collection":[{"href":"https:\/\/insize.com.tr\/en\/wp-json\/wp\/v2\/product"}],"about":[{"href":"https:\/\/insize.com.tr\/en\/wp-json\/wp\/v2\/types\/product"}],"replies":[{"embeddable":true,"href":"https:\/\/insize.com.tr\/en\/wp-json\/wp\/v2\/comments?post=8289"}],"wp:featuredmedia":[{"embeddable":true,"href":"https:\/\/insize.com.tr\/en\/wp-json\/wp\/v2\/media\/8291"}],"wp:attachment":[{"href":"https:\/\/insize.com.tr\/en\/wp-json\/wp\/v2\/media?parent=8289"}],"wp:term":[{"taxonomy":"product_brand","embeddable":true,"href":"https:\/\/insize.com.tr\/en\/wp-json\/wp\/v2\/product_brand?post=8289"},{"taxonomy":"product_cat","embeddable":true,"href":"https:\/\/insize.com.tr\/en\/wp-json\/wp\/v2\/product_cat?post=8289"},{"taxonomy":"product_tag","embeddable":true,"href":"https:\/\/insize.com.tr\/en\/wp-json\/wp\/v2\/product_tag?post=8289"}],"curies":[{"name":"wp","href":"https:\/\/api.w.org\/{rel}","templated":true}]}}