{"id":8295,"date":"2025-05-12T14:41:42","date_gmt":"2025-05-12T11:41:42","guid":{"rendered":"https:\/\/insize.com.tr\/?post_type=product&#038;p=8295"},"modified":"2026-04-21T08:22:33","modified_gmt":"2026-04-21T05:22:33","slug":"insize-0318-th26a-b-sicaklik-ve-nem-icin-veri-kaydedici-temel-tip","status":"publish","type":"product","link":"https:\/\/insize.com.tr\/en\/product\/insize-0318-th26a-b-sicaklik-ve-nem-icin-veri-kaydedici-temel-tip\/","title":{"rendered":"Insize 0318-TH26A\/B S\u0131cakl\u0131k ve Nem \u0130\u00e7in Veri Kaydedici (Temel Tip)"},"content":{"rendered":"","protected":false},"excerpt":{"rendered":"<ul>\n<li>Dahili y\u00fcksek hassasiyetli sens\u00f6r<\/li>\n<li>Uzun vadeli kay\u0131t i\u00e7in 260.000 bellek<\/li>\n<li>Birim: \u00b0C\/\u00b0F<\/li>\n<li>S\u0131cakl\u0131k ve nem \u00fcst ve alt s\u0131n\u0131r alarm\u0131<\/li>\n<li>S\u0131cakl\u0131k ve nem do\u011frusal d\u00fczeltme fonksiyonu<\/li>\n<li>Pil seviyesi g\u00f6stergesi<\/li>\n<li>Bilgisayar yaz\u0131l\u0131m\u0131 dahildir\n<p><a href=\"https:\/\/insize.com.tr\/wp-content\/uploads\/2026\/02\/0318-TH26A.pdf\"><strong>PDF i\u00e7in t\u0131klay\u0131n\u0131z.<\/strong><\/a><\/li>\n<\/ul>","protected":false},"featured_media":8297,"comment_status":"open","ping_status":"closed","template":"","meta":{"inline_featured_image":false},"product_brand":[],"product_cat":[56,551],"product_tag":[],"class_list":{"0":"post-8295","1":"product","2":"type-product","3":"status-publish","4":"has-post-thumbnail","6":"product_cat-sicaklik-ve-nem-olcer","7":"product_cat-test-cihazlari","9":"first","10":"instock","11":"shipping-taxable","12":"purchasable","13":"product-type-simple"},"_links":{"self":[{"href":"https:\/\/insize.com.tr\/en\/wp-json\/wp\/v2\/product\/8295","targetHints":{"allow":["GET"]}}],"collection":[{"href":"https:\/\/insize.com.tr\/en\/wp-json\/wp\/v2\/product"}],"about":[{"href":"https:\/\/insize.com.tr\/en\/wp-json\/wp\/v2\/types\/product"}],"replies":[{"embeddable":true,"href":"https:\/\/insize.com.tr\/en\/wp-json\/wp\/v2\/comments?post=8295"}],"wp:featuredmedia":[{"embeddable":true,"href":"https:\/\/insize.com.tr\/en\/wp-json\/wp\/v2\/media\/8297"}],"wp:attachment":[{"href":"https:\/\/insize.com.tr\/en\/wp-json\/wp\/v2\/media?parent=8295"}],"wp:term":[{"taxonomy":"product_brand","embeddable":true,"href":"https:\/\/insize.com.tr\/en\/wp-json\/wp\/v2\/product_brand?post=8295"},{"taxonomy":"product_cat","embeddable":true,"href":"https:\/\/insize.com.tr\/en\/wp-json\/wp\/v2\/product_cat?post=8295"},{"taxonomy":"product_tag","embeddable":true,"href":"https:\/\/insize.com.tr\/en\/wp-json\/wp\/v2\/product_tag?post=8295"}],"curies":[{"name":"wp","href":"https:\/\/api.w.org\/{rel}","templated":true}]}}