{"id":8325,"date":"2025-05-12T16:17:51","date_gmt":"2025-05-12T13:17:51","guid":{"rendered":"https:\/\/insize.com.tr\/?post_type=product&#038;p=8325"},"modified":"2026-04-21T08:22:33","modified_gmt":"2026-04-21T05:22:33","slug":"insize-8004-teraziler-icin-agirlik-kontroloru","status":"publish","type":"product","link":"https:\/\/insize.com.tr\/en\/product\/insize-8004-teraziler-icin-agirlik-kontroloru\/","title":{"rendered":"Insize 8004 Teraziler \u0130\u00e7in A\u011f\u0131rl\u0131k Kontrol\u00f6r\u00fc"},"content":{"rendered":"","protected":false},"excerpt":{"rendered":"<ul>\n<li>Arkadan ayd\u0131nlatmal\u0131 LCD ekran<\/li>\n<li>S\u0131f\u0131r ayar\u0131, tare de\u011ferinin \u00e7\u0131kar\u0131lmas\u0131<\/li>\n<li>Alarm\u0131n kontrol edilmesi, a\u015f\u0131r\u0131 y\u00fck alarm\u0131<\/li>\n<li>Otomatik kapanma<\/li>\n<li>Paslanmaz \u00e7elik ve plastikten yap\u0131lm\u0131\u015f \u00e7ift tart\u0131m tavas\u0131<\/li>\n<li>Birim: kg, g, tj, Hj, t(ola), lb, oz, Ib-oz<\/li>\n<li><a href=\"https:\/\/insize.com.tr\/wp-content\/uploads\/2026\/02\/8004.pdf\"><strong>PDF i\u00e7in t\u0131klay\u0131n\u0131z<\/strong><\/a><\/li>\n<\/ul>","protected":false},"featured_media":8327,"comment_status":"open","ping_status":"closed","template":"","meta":{"inline_featured_image":false},"product_brand":[],"product_cat":[55],"product_tag":[],"class_list":{"0":"post-8325","1":"product","2":"type-product","3":"status-publish","4":"has-post-thumbnail","6":"product_cat-kantar","8":"first","9":"instock","10":"shipping-taxable","11":"purchasable","12":"product-type-simple"},"_links":{"self":[{"href":"https:\/\/insize.com.tr\/en\/wp-json\/wp\/v2\/product\/8325","targetHints":{"allow":["GET"]}}],"collection":[{"href":"https:\/\/insize.com.tr\/en\/wp-json\/wp\/v2\/product"}],"about":[{"href":"https:\/\/insize.com.tr\/en\/wp-json\/wp\/v2\/types\/product"}],"replies":[{"embeddable":true,"href":"https:\/\/insize.com.tr\/en\/wp-json\/wp\/v2\/comments?post=8325"}],"wp:featuredmedia":[{"embeddable":true,"href":"https:\/\/insize.com.tr\/en\/wp-json\/wp\/v2\/media\/8327"}],"wp:attachment":[{"href":"https:\/\/insize.com.tr\/en\/wp-json\/wp\/v2\/media?parent=8325"}],"wp:term":[{"taxonomy":"product_brand","embeddable":true,"href":"https:\/\/insize.com.tr\/en\/wp-json\/wp\/v2\/product_brand?post=8325"},{"taxonomy":"product_cat","embeddable":true,"href":"https:\/\/insize.com.tr\/en\/wp-json\/wp\/v2\/product_cat?post=8325"},{"taxonomy":"product_tag","embeddable":true,"href":"https:\/\/insize.com.tr\/en\/wp-json\/wp\/v2\/product_tag?post=8325"}],"curies":[{"name":"wp","href":"https:\/\/api.w.org\/{rel}","templated":true}]}}