{"id":851,"date":"2022-10-06T16:47:24","date_gmt":"2022-10-06T13:47:24","guid":{"rendered":"https:\/\/insize.com.tr\/?post_type=product&#038;p=851"},"modified":"2026-04-20T16:44:57","modified_gmt":"2026-04-20T13:44:57","slug":"insize-6535-ayarlanabilir-aci-bloklari","status":"publish","type":"product","link":"https:\/\/insize.com.tr\/en\/product\/insize-6535-ayarlanabilir-aci-bloklari\/","title":{"rendered":"Insize 6535 Ayarlanabilir A\u00e7\u0131 Bloklar\u0131"},"content":{"rendered":"<p><img loading=\"lazy\" decoding=\"async\" class=\"alignnone size-full wp-image-1006\" src=\"https:\/\/denizmtl.com\/\/wp-content\/uploads\/2018\/12\/6535.png\" alt=\"\" width=\"1014\" height=\"237\" title=\"\"><\/p>","protected":false},"excerpt":{"rendered":"<ul>\n<li>Setle\u015ftirilmi\u015f tak\u0131m \u00e7eli\u011finden yap\u0131lm\u0131\u015ft\u0131r.<\/li>\n<li>Sabitleme vidas\u0131 ile<\/li>\n<li>Aral\u0131k do\u011frulu\u011fu: 10&#8242;<\/li>\n<li><a href=\"https:\/\/denizmtl.com\/wp-content\/uploads\/2022\/01\/6535-AYARLANABILIR-ACI-BLOKLARI.pdf\"><strong>PDF i\u00e7in t\u0131klay\u0131n\u0131z.<\/strong><\/a><\/li>\n<\/ul>","protected":false},"featured_media":873,"comment_status":"open","ping_status":"closed","template":"","meta":{"inline_featured_image":false},"product_brand":[],"product_cat":[556,18],"product_tag":[],"class_list":{"0":"post-851","1":"product","2":"type-product","3":"status-publish","4":"has-post-thumbnail","6":"product_cat-blok-setler","7":"product_cat-mengeneler","9":"first","10":"instock","11":"shipping-taxable","12":"purchasable","13":"product-type-variable"},"_links":{"self":[{"href":"https:\/\/insize.com.tr\/en\/wp-json\/wp\/v2\/product\/851","targetHints":{"allow":["GET"]}}],"collection":[{"href":"https:\/\/insize.com.tr\/en\/wp-json\/wp\/v2\/product"}],"about":[{"href":"https:\/\/insize.com.tr\/en\/wp-json\/wp\/v2\/types\/product"}],"replies":[{"embeddable":true,"href":"https:\/\/insize.com.tr\/en\/wp-json\/wp\/v2\/comments?post=851"}],"wp:featuredmedia":[{"embeddable":true,"href":"https:\/\/insize.com.tr\/en\/wp-json\/wp\/v2\/media\/873"}],"wp:attachment":[{"href":"https:\/\/insize.com.tr\/en\/wp-json\/wp\/v2\/media?parent=851"}],"wp:term":[{"taxonomy":"product_brand","embeddable":true,"href":"https:\/\/insize.com.tr\/en\/wp-json\/wp\/v2\/product_brand?post=851"},{"taxonomy":"product_cat","embeddable":true,"href":"https:\/\/insize.com.tr\/en\/wp-json\/wp\/v2\/product_cat?post=851"},{"taxonomy":"product_tag","embeddable":true,"href":"https:\/\/insize.com.tr\/en\/wp-json\/wp\/v2\/product_tag?post=851"}],"curies":[{"name":"wp","href":"https:\/\/api.w.org\/{rel}","templated":true}]}}