{"id":894,"date":"2022-10-06T16:47:27","date_gmt":"2022-10-06T13:47:27","guid":{"rendered":"https:\/\/insize.com.tr\/?post_type=product&#038;p=894"},"modified":"2026-04-20T16:44:54","modified_gmt":"2026-04-20T13:44:54","slug":"insize-2395-silindir-komparator-saati","status":"publish","type":"product","link":"https:\/\/insize.com.tr\/en\/product\/insize-2395-silindir-komparator-saati\/","title":{"rendered":"Insize 2395 Silindir Komparat\u00f6r Saati"},"content":{"rendered":"<p><img loading=\"lazy\" decoding=\"async\" class=\"alignnone size-full wp-image-1317\" src=\"https:\/\/denizmtl.com\/\/wp-content\/uploads\/2018\/12\/2395.png\" alt=\"\" width=\"871\" height=\"300\" title=\"\"><\/p>","protected":false},"excerpt":{"rendered":"<ul>\n<li>Silindir komparat\u00f6r\u00fc ayarlamak i\u00e7in \u00e7elik blok ile birlikte kullan\u0131l\u0131r.<\/li>\n<li>A\u00e7\u0131klama: Silindir Komparat\u00f6r\u00fc Ayar Mastar\u0131<\/li>\n<li>\u00d6l\u00e7\u00fc: 18-400 mm<\/li>\n<li><a href=\"https:\/\/denizmtl.com\/wp-content\/uploads\/2022\/01\/2395-SILINDIR-KOMPARATOR-APARATI.pdf\"><strong>PDF i\u00e7in t\u0131klay\u0131n\u0131z.<\/strong><\/a><\/li>\n<li><a href=\"https:\/\/insize.com.tr\/wp-content\/uploads\/2026\/03\/2395-E-V3.pdf\"><strong>Kullan\u0131m K\u0131lavuzu<\/strong><\/a><\/li>\n<\/ul>","protected":false},"featured_media":924,"comment_status":"open","ping_status":"closed","template":"","meta":{"inline_featured_image":false},"product_brand":[],"product_cat":[26,24],"product_tag":[],"class_list":{"0":"post-894","1":"product","2":"type-product","3":"status-publish","4":"has-post-thumbnail","6":"product_cat-delik-olcum","7":"product_cat-komparatorler","9":"first","10":"instock","11":"shipping-taxable","12":"purchasable","13":"product-type-simple"},"_links":{"self":[{"href":"https:\/\/insize.com.tr\/en\/wp-json\/wp\/v2\/product\/894","targetHints":{"allow":["GET"]}}],"collection":[{"href":"https:\/\/insize.com.tr\/en\/wp-json\/wp\/v2\/product"}],"about":[{"href":"https:\/\/insize.com.tr\/en\/wp-json\/wp\/v2\/types\/product"}],"replies":[{"embeddable":true,"href":"https:\/\/insize.com.tr\/en\/wp-json\/wp\/v2\/comments?post=894"}],"wp:featuredmedia":[{"embeddable":true,"href":"https:\/\/insize.com.tr\/en\/wp-json\/wp\/v2\/media\/924"}],"wp:attachment":[{"href":"https:\/\/insize.com.tr\/en\/wp-json\/wp\/v2\/media?parent=894"}],"wp:term":[{"taxonomy":"product_brand","embeddable":true,"href":"https:\/\/insize.com.tr\/en\/wp-json\/wp\/v2\/product_brand?post=894"},{"taxonomy":"product_cat","embeddable":true,"href":"https:\/\/insize.com.tr\/en\/wp-json\/wp\/v2\/product_cat?post=894"},{"taxonomy":"product_tag","embeddable":true,"href":"https:\/\/insize.com.tr\/en\/wp-json\/wp\/v2\/product_tag?post=894"}],"curies":[{"name":"wp","href":"https:\/\/api.w.org\/{rel}","templated":true}]}}