{"id":895,"date":"2022-10-06T16:47:27","date_gmt":"2022-10-06T13:47:27","guid":{"rendered":"https:\/\/insize.com.tr\/?post_type=product&#038;p=895"},"modified":"2026-04-20T16:44:54","modified_gmt":"2026-04-20T13:44:54","slug":"insize-6990-300a-mihengir-tip-cizecek","status":"publish","type":"product","link":"https:\/\/insize.com.tr\/en\/product\/insize-6990-300a-mihengir-tip-cizecek\/","title":{"rendered":"Insize 6990-300A Mihengir Tip \u00c7izecek"},"content":{"rendered":"<p><img loading=\"lazy\" decoding=\"async\" class=\"alignnone size-full wp-image-1315\" src=\"https:\/\/denizmtl.com\/\/wp-content\/uploads\/2018\/12\/6990-300A.png\" alt=\"\" width=\"899\" height=\"300\" title=\"\"><\/p>","protected":false},"excerpt":{"rendered":"<ul>\n<li><strong>Silindir i\u00e7in kanall\u0131 taban.<\/strong><\/li>\n<li><strong>Pleyt kenar\u0131na kurulum i\u00e7in iki adet pin<\/strong><\/li>\n<li><a href=\"https:\/\/denizmtl.com\/wp-content\/uploads\/2022\/01\/6990-MIHENGIR-TIP-CIZECEK.pdf\"><strong>PDF i\u00e7im t\u0131klay\u0131n\u0131z.<\/strong><\/a><\/li>\n<\/ul>","protected":false},"featured_media":925,"comment_status":"open","ping_status":"closed","template":"","meta":{"inline_featured_image":false},"product_brand":[],"product_cat":[30],"product_tag":[],"class_list":{"0":"post-895","1":"product","2":"type-product","3":"status-publish","4":"has-post-thumbnail","6":"product_cat-mihengirler","8":"first","9":"instock","10":"shipping-taxable","11":"purchasable","12":"product-type-simple"},"_links":{"self":[{"href":"https:\/\/insize.com.tr\/en\/wp-json\/wp\/v2\/product\/895","targetHints":{"allow":["GET"]}}],"collection":[{"href":"https:\/\/insize.com.tr\/en\/wp-json\/wp\/v2\/product"}],"about":[{"href":"https:\/\/insize.com.tr\/en\/wp-json\/wp\/v2\/types\/product"}],"replies":[{"embeddable":true,"href":"https:\/\/insize.com.tr\/en\/wp-json\/wp\/v2\/comments?post=895"}],"wp:featuredmedia":[{"embeddable":true,"href":"https:\/\/insize.com.tr\/en\/wp-json\/wp\/v2\/media\/925"}],"wp:attachment":[{"href":"https:\/\/insize.com.tr\/en\/wp-json\/wp\/v2\/media?parent=895"}],"wp:term":[{"taxonomy":"product_brand","embeddable":true,"href":"https:\/\/insize.com.tr\/en\/wp-json\/wp\/v2\/product_brand?post=895"},{"taxonomy":"product_cat","embeddable":true,"href":"https:\/\/insize.com.tr\/en\/wp-json\/wp\/v2\/product_cat?post=895"},{"taxonomy":"product_tag","embeddable":true,"href":"https:\/\/insize.com.tr\/en\/wp-json\/wp\/v2\/product_tag?post=895"}],"curies":[{"name":"wp","href":"https:\/\/api.w.org\/{rel}","templated":true}]}}