{"id":9289,"date":"2025-05-14T14:02:46","date_gmt":"2025-05-14T11:02:46","guid":{"rendered":"https:\/\/insize.com.tr\/?post_type=product&#038;p=9289"},"modified":"2026-03-04T14:51:15","modified_gmt":"2026-03-04T11:51:15","slug":"insize-1239-verniyerli-sol-el-kumpasi","status":"publish","type":"product","link":"https:\/\/insize.com.tr\/en\/product\/insize-1239-verniyerli-sol-el-kumpasi\/","title":{"rendered":"Insize 1239 Verniyerli Sol El Kumpas\u0131"},"content":{"rendered":"","protected":false},"excerpt":{"rendered":"<ul>\n<li>Sol elini kullananlar i\u00e7in tasarland\u0131<\/li>\n<li>Paslanmaz \u00e7elikten yap\u0131lm\u0131\u015ft\u0131r<\/li>\n<li>Saten krom kaplamal\u0131 okuma y\u00fczeyi<\/li>\n<li><a href=\"https:\/\/insize.com.tr\/wp-content\/uploads\/2025\/05\/1239.pdf\"><strong>PDF i\u00e7in t\u0131klay\u0131n\u0131z.<\/strong><\/a><\/li>\n<\/ul>","protected":false},"featured_media":9321,"comment_status":"open","ping_status":"closed","template":"","meta":{"inline_featured_image":false},"product_brand":[],"product_cat":[21],"product_tag":[],"class_list":{"0":"post-9289","1":"product","2":"type-product","3":"status-publish","4":"has-post-thumbnail","6":"product_cat-kumpaslar","8":"first","9":"instock","10":"shipping-taxable","11":"purchasable","12":"product-type-simple"},"_links":{"self":[{"href":"https:\/\/insize.com.tr\/en\/wp-json\/wp\/v2\/product\/9289","targetHints":{"allow":["GET"]}}],"collection":[{"href":"https:\/\/insize.com.tr\/en\/wp-json\/wp\/v2\/product"}],"about":[{"href":"https:\/\/insize.com.tr\/en\/wp-json\/wp\/v2\/types\/product"}],"replies":[{"embeddable":true,"href":"https:\/\/insize.com.tr\/en\/wp-json\/wp\/v2\/comments?post=9289"}],"wp:featuredmedia":[{"embeddable":true,"href":"https:\/\/insize.com.tr\/en\/wp-json\/wp\/v2\/media\/9321"}],"wp:attachment":[{"href":"https:\/\/insize.com.tr\/en\/wp-json\/wp\/v2\/media?parent=9289"}],"wp:term":[{"taxonomy":"product_brand","embeddable":true,"href":"https:\/\/insize.com.tr\/en\/wp-json\/wp\/v2\/product_brand?post=9289"},{"taxonomy":"product_cat","embeddable":true,"href":"https:\/\/insize.com.tr\/en\/wp-json\/wp\/v2\/product_cat?post=9289"},{"taxonomy":"product_tag","embeddable":true,"href":"https:\/\/insize.com.tr\/en\/wp-json\/wp\/v2\/product_tag?post=9289"}],"curies":[{"name":"wp","href":"https:\/\/api.w.org\/{rel}","templated":true}]}}