{"id":9669,"date":"2025-05-29T15:38:50","date_gmt":"2025-05-29T12:38:50","guid":{"rendered":"https:\/\/insize.com.tr\/?post_type=product&#038;p=9669"},"modified":"2026-04-21T08:22:37","modified_gmt":"2026-04-21T05:22:37","slug":"insize-isv-l-videoskop","status":"publish","type":"product","link":"https:\/\/insize.com.tr\/en\/product\/insize-isv-l-videoskop\/","title":{"rendered":"Insize ISV-L Videoskop"},"content":{"rendered":"","protected":false},"excerpt":{"rendered":"<ul>\n<li>5\u2033 IPS HD ekran<\/li>\n<li>1024\u00d7720 \u00e7\u00f6z\u00fcn\u00fcrl\u00fck<\/li>\n<li>SD kart, Video kablo \u00e7\u0131k\u0131\u015f<\/li>\n<li>Resim ve video alma,<\/li>\n<li>\u00d6n g\u00f6r\u00fcn\u00fc\u015f kamera<\/li>\n<li>Herhangi bir y\u00f6ne b\u00fck\u00fclebilir ,saat y\u00f6n\u00fcnde ve ters y\u00f6nde 360 \u00b0 d\u00f6nd\u00fcr\u00fclebilir<\/li>\n<li>Tungsten tel dokuma kablo<\/li>\n<li>Opsiyonel kanca ve m\u0131knat\u0131s u\u00e7<\/li>\n<li><a href=\"https:\/\/insize.com.tr\/wp-content\/uploads\/2026\/02\/ISV-L.pdf\"><strong>Pdf i\u00e7in t\u0131klay\u0131n\u0131z.<\/strong><\/a><\/li>\n<\/ul>","protected":false},"featured_media":9672,"comment_status":"open","ping_status":"closed","template":"","meta":{"inline_featured_image":false},"product_brand":[],"product_cat":[33],"product_tag":[],"class_list":{"0":"post-9669","1":"product","2":"type-product","3":"status-publish","4":"has-post-thumbnail","6":"product_cat-videoskoplar-sabit-boroskoplar","8":"first","9":"instock","10":"shipping-taxable","11":"purchasable","12":"product-type-simple"},"_links":{"self":[{"href":"https:\/\/insize.com.tr\/en\/wp-json\/wp\/v2\/product\/9669","targetHints":{"allow":["GET"]}}],"collection":[{"href":"https:\/\/insize.com.tr\/en\/wp-json\/wp\/v2\/product"}],"about":[{"href":"https:\/\/insize.com.tr\/en\/wp-json\/wp\/v2\/types\/product"}],"replies":[{"embeddable":true,"href":"https:\/\/insize.com.tr\/en\/wp-json\/wp\/v2\/comments?post=9669"}],"wp:featuredmedia":[{"embeddable":true,"href":"https:\/\/insize.com.tr\/en\/wp-json\/wp\/v2\/media\/9672"}],"wp:attachment":[{"href":"https:\/\/insize.com.tr\/en\/wp-json\/wp\/v2\/media?parent=9669"}],"wp:term":[{"taxonomy":"product_brand","embeddable":true,"href":"https:\/\/insize.com.tr\/en\/wp-json\/wp\/v2\/product_brand?post=9669"},{"taxonomy":"product_cat","embeddable":true,"href":"https:\/\/insize.com.tr\/en\/wp-json\/wp\/v2\/product_cat?post=9669"},{"taxonomy":"product_tag","embeddable":true,"href":"https:\/\/insize.com.tr\/en\/wp-json\/wp\/v2\/product_tag?post=9669"}],"curies":[{"name":"wp","href":"https:\/\/api.w.org\/{rel}","templated":true}]}}