{"id":9768,"date":"2025-06-02T14:33:22","date_gmt":"2025-06-02T11:33:22","guid":{"rendered":"https:\/\/insize.com.tr\/?post_type=product&#038;p=9768"},"modified":"2026-04-21T08:22:38","modified_gmt":"2026-04-21T05:22:38","slug":"insize-2771-dijital-aci-olcer-temel-tip","status":"publish","type":"product","link":"https:\/\/insize.com.tr\/en\/product\/insize-2771-dijital-aci-olcer-temel-tip\/","title":{"rendered":"Insize 2771 Dijital A\u00e7\u0131 \u00d6l\u00e7er (Temel Tip)"},"content":{"rendered":"","protected":false},"excerpt":{"rendered":"<ul>\n<li>Piller de\u011fi\u015ftirilirken mutlak s\u0131f\u0131r, s\u0131f\u0131r ayar\u0131na gerek yoktur<\/li>\n<li>D\u00fc\u011fme i\u015flevi: 0~90\u00b0, 0-180\u00b0 veya 0-360\u00b0 g\u00f6r\u00fcnt\u00fclemeyi se\u00e7in, \u00e7\u00f6z\u00fcn\u00fcrl\u00fc\u011f\u00fc de\u011fi\u015ftirin, ekran\u0131 \u00e7evirin, veri tutun, s\u0131f\u0131rlay\u0131n, ek a\u00e7\u0131 \u00f6l\u00e7\u00fcm\u00fcn\u00fc a\u00e7\u0131n\/kapat\u0131n<\/li>\n<li>Pil CR2032, otomatik kapanma, veri \u00e7\u0131k\u0131\u015f\u0131<\/li>\n<li>Paslanmaz \u00e7elikten yap\u0131lm\u0131\u015ft\u0131r<\/li>\n<li>S\u0131f\u0131r ayar\u0131 i\u00e7in iste\u011fe ba\u011fl\u0131 kare<\/li>\n<li>\u0130ste\u011fe ba\u011fl\u0131 aksesuar: kelep\u00e7e (kod 2372-CLAMP), 1156, 1150-300, 1351, 1250 ve 1151 y\u00fckseklik \u00f6l\u00e7erler i\u00e7in uygundur, veri \u00e7\u0131k\u0131\u015f kablosu (kod 7315-2771, 7302-50M)\n<p><a href=\"https:\/\/insize.com.tr\/wp-content\/uploads\/2025\/06\/2771-1.pdf\"><strong>PDF i\u00e7in t\u0131klay\u0131n\u0131z.<\/strong><\/a><\/li>\n<li><a href=\"https:\/\/insize.com.tr\/wp-content\/uploads\/2026\/03\/2771-E-V1.pdf\"><strong>Kullan\u0131m K\u0131lavuzu<\/strong><\/a><\/li>\n<\/ul>","protected":false},"featured_media":9770,"comment_status":"open","ping_status":"closed","template":"","meta":{"inline_featured_image":false},"product_brand":[],"product_cat":[19],"product_tag":[],"class_list":{"0":"post-9768","1":"product","2":"type-product","3":"status-publish","4":"has-post-thumbnail","6":"product_cat-aci-olcer-ve-gonyeler","8":"first","9":"instock","10":"shipping-taxable","11":"purchasable","12":"product-type-simple"},"_links":{"self":[{"href":"https:\/\/insize.com.tr\/en\/wp-json\/wp\/v2\/product\/9768","targetHints":{"allow":["GET"]}}],"collection":[{"href":"https:\/\/insize.com.tr\/en\/wp-json\/wp\/v2\/product"}],"about":[{"href":"https:\/\/insize.com.tr\/en\/wp-json\/wp\/v2\/types\/product"}],"replies":[{"embeddable":true,"href":"https:\/\/insize.com.tr\/en\/wp-json\/wp\/v2\/comments?post=9768"}],"wp:featuredmedia":[{"embeddable":true,"href":"https:\/\/insize.com.tr\/en\/wp-json\/wp\/v2\/media\/9770"}],"wp:attachment":[{"href":"https:\/\/insize.com.tr\/en\/wp-json\/wp\/v2\/media?parent=9768"}],"wp:term":[{"taxonomy":"product_brand","embeddable":true,"href":"https:\/\/insize.com.tr\/en\/wp-json\/wp\/v2\/product_brand?post=9768"},{"taxonomy":"product_cat","embeddable":true,"href":"https:\/\/insize.com.tr\/en\/wp-json\/wp\/v2\/product_cat?post=9768"},{"taxonomy":"product_tag","embeddable":true,"href":"https:\/\/insize.com.tr\/en\/wp-json\/wp\/v2\/product_tag?post=9768"}],"curies":[{"name":"wp","href":"https:\/\/api.w.org\/{rel}","templated":true}]}}