{"id":9771,"date":"2025-06-02T14:36:13","date_gmt":"2025-06-02T11:36:13","guid":{"rendered":"https:\/\/insize.com.tr\/?post_type=product&#038;p=9771"},"modified":"2026-04-21T08:22:38","modified_gmt":"2026-04-21T05:22:38","slug":"insize-4796-l-gonye-ekonomik-tip","status":"publish","type":"product","link":"https:\/\/insize.com.tr\/en\/product\/insize-4796-l-gonye-ekonomik-tip\/","title":{"rendered":"Insize 4796 L G\u00f6nye (Ekonomik Tip)"},"content":{"rendered":"","protected":false},"excerpt":{"rendered":"<ul>\n<li>DIN875 s\u0131n\u0131f 2<\/li>\n<li>Karbon \u00e7elikten yap\u0131lm\u0131\u015ft\u0131r, pas \u00f6nleyici i\u015flem uygulanmam\u0131\u015ft\u0131r, sertle\u015ftirilmemi\u015ftir\n<p><a href=\"https:\/\/insize.com.tr\/wp-content\/uploads\/2025\/06\/4796.pdf\"><strong>PDF i\u00e7in t\u0131klay\u0131n\u0131z.<\/strong><\/a><\/li>\n<\/ul>","protected":false},"featured_media":9773,"comment_status":"open","ping_status":"closed","template":"","meta":{"inline_featured_image":false},"product_brand":[],"product_cat":[19],"product_tag":[],"class_list":{"0":"post-9771","1":"product","2":"type-product","3":"status-publish","4":"has-post-thumbnail","6":"product_cat-aci-olcer-ve-gonyeler","8":"first","9":"instock","10":"shipping-taxable","11":"purchasable","12":"product-type-simple"},"_links":{"self":[{"href":"https:\/\/insize.com.tr\/en\/wp-json\/wp\/v2\/product\/9771","targetHints":{"allow":["GET"]}}],"collection":[{"href":"https:\/\/insize.com.tr\/en\/wp-json\/wp\/v2\/product"}],"about":[{"href":"https:\/\/insize.com.tr\/en\/wp-json\/wp\/v2\/types\/product"}],"replies":[{"embeddable":true,"href":"https:\/\/insize.com.tr\/en\/wp-json\/wp\/v2\/comments?post=9771"}],"wp:featuredmedia":[{"embeddable":true,"href":"https:\/\/insize.com.tr\/en\/wp-json\/wp\/v2\/media\/9773"}],"wp:attachment":[{"href":"https:\/\/insize.com.tr\/en\/wp-json\/wp\/v2\/media?parent=9771"}],"wp:term":[{"taxonomy":"product_brand","embeddable":true,"href":"https:\/\/insize.com.tr\/en\/wp-json\/wp\/v2\/product_brand?post=9771"},{"taxonomy":"product_cat","embeddable":true,"href":"https:\/\/insize.com.tr\/en\/wp-json\/wp\/v2\/product_cat?post=9771"},{"taxonomy":"product_tag","embeddable":true,"href":"https:\/\/insize.com.tr\/en\/wp-json\/wp\/v2\/product_tag?post=9771"}],"curies":[{"name":"wp","href":"https:\/\/api.w.org\/{rel}","templated":true}]}}