{"id":9920,"date":"2025-06-11T10:43:56","date_gmt":"2025-06-11T07:43:56","guid":{"rendered":"https:\/\/insize.com.tr\/?post_type=product&#038;p=9920"},"modified":"2026-04-21T08:22:50","modified_gmt":"2026-04-21T05:22:50","slug":"insize-5061-6-parcali-olcum-seti","status":"publish","type":"product","link":"https:\/\/insize.com.tr\/en\/product\/insize-5061-6-parcali-olcum-seti\/","title":{"rendered":"Insize 5061 6 Par\u00e7al\u0131 \u00d6l\u00e7\u00fcm Seti"},"content":{"rendered":"","protected":false},"excerpt":{"rendered":"<p>\u015eunlar\u0131 i\u00e7erir:<\/p>\n<p>1) Dijital kumpas, aral\u0131k 0-150mm\/0-6&#8243;, \u00e7\u00f6z\u00fcn\u00fcrl\u00fck 0.01mm\/0.0005&#8243; (kod 1108-150)<\/p>\n<p>2) D\u0131\u015f mikrometre, aral\u0131k 0-25 mm, derece 0,01 mm (kod 3202-25A)<\/p>\n<p>3) Kadran g\u00f6stergesi, aral\u0131k 10 mm, derece 0,01 mm (kod 2308-10FA)<\/p>\n<p>4) 90\u00b0 e\u011fimli kenar kare, 100x70mm, derece 0<\/p>\n<p>(kod 4790-1000)<\/p>\n<p>5) Yaz\u0131c\u0131 (kod 7230)<\/p>\n<p>6) \u00c7elik cetvel, 150mm\/6&#8243; (kod 7110-150)<\/p>\n<p><a href=\"https:\/\/insize.com.tr\/wp-content\/uploads\/2025\/06\/5061.pdf\"><strong>PDF i\u00e7in t\u0131klay\u0131n\u0131z.<\/strong><\/a><\/p>","protected":false},"featured_media":9922,"comment_status":"open","ping_status":"closed","template":"","meta":{"inline_featured_image":false},"product_brand":[],"product_cat":[552,550],"product_tag":[],"class_list":{"0":"post-9920","1":"product","2":"type-product","3":"status-publish","4":"has-post-thumbnail","6":"product_cat-olcum-setleri","7":"product_cat-standart-olcu-aletleri","9":"first","10":"instock","11":"shipping-taxable","12":"purchasable","13":"product-type-simple"},"_links":{"self":[{"href":"https:\/\/insize.com.tr\/en\/wp-json\/wp\/v2\/product\/9920","targetHints":{"allow":["GET"]}}],"collection":[{"href":"https:\/\/insize.com.tr\/en\/wp-json\/wp\/v2\/product"}],"about":[{"href":"https:\/\/insize.com.tr\/en\/wp-json\/wp\/v2\/types\/product"}],"replies":[{"embeddable":true,"href":"https:\/\/insize.com.tr\/en\/wp-json\/wp\/v2\/comments?post=9920"}],"wp:featuredmedia":[{"embeddable":true,"href":"https:\/\/insize.com.tr\/en\/wp-json\/wp\/v2\/media\/9922"}],"wp:attachment":[{"href":"https:\/\/insize.com.tr\/en\/wp-json\/wp\/v2\/media?parent=9920"}],"wp:term":[{"taxonomy":"product_brand","embeddable":true,"href":"https:\/\/insize.com.tr\/en\/wp-json\/wp\/v2\/product_brand?post=9920"},{"taxonomy":"product_cat","embeddable":true,"href":"https:\/\/insize.com.tr\/en\/wp-json\/wp\/v2\/product_cat?post=9920"},{"taxonomy":"product_tag","embeddable":true,"href":"https:\/\/insize.com.tr\/en\/wp-json\/wp\/v2\/product_tag?post=9920"}],"curies":[{"name":"wp","href":"https:\/\/api.w.org\/{rel}","templated":true}]}}