{"id":9929,"date":"2025-06-11T11:46:19","date_gmt":"2025-06-11T08:46:19","guid":{"rendered":"https:\/\/insize.com.tr\/?post_type=product&#038;p=9929"},"modified":"2026-04-21T08:22:50","modified_gmt":"2026-04-21T05:22:50","slug":"insize-5023-2-parcali-salgi-olcum-seti-salgi-saatimanyetik-ayak","status":"publish","type":"product","link":"https:\/\/insize.com.tr\/en\/product\/insize-5023-2-parcali-salgi-olcum-seti-salgi-saatimanyetik-ayak\/","title":{"rendered":"Insize 5023 2 Par\u00e7al\u0131 Salg\u0131 \u00d6l\u00e7\u00fcm Seti (Salg\u0131 Saati+Manyetik Ayak)"},"content":{"rendered":"","protected":false},"excerpt":{"rendered":"<p>\u015eunlar\u0131 i\u00e7erir:<\/p>\n<p>1) Kadran test g\u00f6stergesi, aral\u0131k 0,8 mm, derece 0,01 mm (kod 2380-08)<\/p>\n<p>2) Manyetik stand<\/p>\n<p><a href=\"https:\/\/insize.com.tr\/wp-content\/uploads\/2025\/06\/5023.pdf\"><strong>PDF i\u00e7in t\u0131klay\u0131n\u0131z.<\/strong><\/a><\/p>","protected":false},"featured_media":9931,"comment_status":"open","ping_status":"closed","template":"","meta":{"inline_featured_image":false},"product_brand":[],"product_cat":[552,550],"product_tag":[],"class_list":{"0":"post-9929","1":"product","2":"type-product","3":"status-publish","4":"has-post-thumbnail","6":"product_cat-olcum-setleri","7":"product_cat-standart-olcu-aletleri","9":"first","10":"instock","11":"shipping-taxable","12":"purchasable","13":"product-type-simple"},"_links":{"self":[{"href":"https:\/\/insize.com.tr\/en\/wp-json\/wp\/v2\/product\/9929","targetHints":{"allow":["GET"]}}],"collection":[{"href":"https:\/\/insize.com.tr\/en\/wp-json\/wp\/v2\/product"}],"about":[{"href":"https:\/\/insize.com.tr\/en\/wp-json\/wp\/v2\/types\/product"}],"replies":[{"embeddable":true,"href":"https:\/\/insize.com.tr\/en\/wp-json\/wp\/v2\/comments?post=9929"}],"wp:featuredmedia":[{"embeddable":true,"href":"https:\/\/insize.com.tr\/en\/wp-json\/wp\/v2\/media\/9931"}],"wp:attachment":[{"href":"https:\/\/insize.com.tr\/en\/wp-json\/wp\/v2\/media?parent=9929"}],"wp:term":[{"taxonomy":"product_brand","embeddable":true,"href":"https:\/\/insize.com.tr\/en\/wp-json\/wp\/v2\/product_brand?post=9929"},{"taxonomy":"product_cat","embeddable":true,"href":"https:\/\/insize.com.tr\/en\/wp-json\/wp\/v2\/product_cat?post=9929"},{"taxonomy":"product_tag","embeddable":true,"href":"https:\/\/insize.com.tr\/en\/wp-json\/wp\/v2\/product_tag?post=9929"}],"curies":[{"name":"wp","href":"https:\/\/api.w.org\/{rel}","templated":true}]}}