{"id":9932,"date":"2025-06-11T16:00:49","date_gmt":"2025-06-11T13:00:49","guid":{"rendered":"https:\/\/insize.com.tr\/?post_type=product&#038;p=9932"},"modified":"2026-04-21T08:22:50","modified_gmt":"2026-04-21T05:22:50","slug":"insize-5022-2-parcali-dijital-olcum-seti-kumpasmikrometre","status":"publish","type":"product","link":"https:\/\/insize.com.tr\/en\/product\/insize-5022-2-parcali-dijital-olcum-seti-kumpasmikrometre\/","title":{"rendered":"Insize 5022 2 Par\u00e7al\u0131 Dijital \u00d6l\u00e7\u00fcm Seti (Kumpas+Mikrometre)"},"content":{"rendered":"","protected":false},"excerpt":{"rendered":"<p>\u015eunlar\u0131 i\u00e7erir:<\/p>\n<p>1) Dijital kumpas, aral\u0131k 0-150mm\/0-6&#8243;, \u00e7\u00f6z\u00fcn\u00fcrl\u00fck 0.01mm\/0.0005&#8243; (kod 1108-150)<\/p>\n<p>2) Dijital d\u0131\u015f mikrometre, aral\u0131k 0-25mm\/0-1&#8243;, \u00e7\u00f6z\u00fcn\u00fcrl\u00fck 0.001mm\/0.00005&#8243; (kod 3109-25A)<\/p>\n<p><a href=\"https:\/\/insize.com.tr\/wp-content\/uploads\/2025\/06\/5022.pdf\"><strong>PDF i\u00e7in t\u0131klay\u0131n\u0131z.<\/strong><\/a><\/p>","protected":false},"featured_media":9934,"comment_status":"open","ping_status":"closed","template":"","meta":{"inline_featured_image":false},"product_brand":[],"product_cat":[552,550],"product_tag":[],"class_list":{"0":"post-9932","1":"product","2":"type-product","3":"status-publish","4":"has-post-thumbnail","6":"product_cat-olcum-setleri","7":"product_cat-standart-olcu-aletleri","9":"first","10":"instock","11":"shipping-taxable","12":"purchasable","13":"product-type-simple"},"_links":{"self":[{"href":"https:\/\/insize.com.tr\/en\/wp-json\/wp\/v2\/product\/9932","targetHints":{"allow":["GET"]}}],"collection":[{"href":"https:\/\/insize.com.tr\/en\/wp-json\/wp\/v2\/product"}],"about":[{"href":"https:\/\/insize.com.tr\/en\/wp-json\/wp\/v2\/types\/product"}],"replies":[{"embeddable":true,"href":"https:\/\/insize.com.tr\/en\/wp-json\/wp\/v2\/comments?post=9932"}],"wp:featuredmedia":[{"embeddable":true,"href":"https:\/\/insize.com.tr\/en\/wp-json\/wp\/v2\/media\/9934"}],"wp:attachment":[{"href":"https:\/\/insize.com.tr\/en\/wp-json\/wp\/v2\/media?parent=9932"}],"wp:term":[{"taxonomy":"product_brand","embeddable":true,"href":"https:\/\/insize.com.tr\/en\/wp-json\/wp\/v2\/product_brand?post=9932"},{"taxonomy":"product_cat","embeddable":true,"href":"https:\/\/insize.com.tr\/en\/wp-json\/wp\/v2\/product_cat?post=9932"},{"taxonomy":"product_tag","embeddable":true,"href":"https:\/\/insize.com.tr\/en\/wp-json\/wp\/v2\/product_tag?post=9932"}],"curies":[{"name":"wp","href":"https:\/\/api.w.org\/{rel}","templated":true}]}}