{"id":9947,"date":"2025-06-11T16:25:11","date_gmt":"2025-06-11T13:25:11","guid":{"rendered":"https:\/\/insize.com.tr\/?post_type=product&#038;p=9947"},"modified":"2026-04-21T08:22:55","modified_gmt":"2026-04-21T05:22:55","slug":"insize-6511-paralel-blok","status":"publish","type":"product","link":"https:\/\/insize.com.tr\/en\/product\/insize-6511-paralel-blok\/","title":{"rendered":"Insize 6511 Paralel Blok"},"content":{"rendered":"","protected":false},"excerpt":{"rendered":"<ul>\n<li>\u00dcst ve alt aras\u0131ndaki paralellik: 5\u00b5m<\/li>\n<li>E\u015fle\u015fen bir \u00e7iftin y\u00fckseklik fark\u0131: 5\u00b5m<\/li>\n<li>Ala\u015f\u0131ml\u0131 tak\u0131m \u00e7eli\u011finden yap\u0131lm\u0131\u015ft\u0131r<\/li>\n<li>HRC55-60&#8217;a kadar sertle\u015ftirilmi\u015ftir<\/li>\n<li><strong>PDF i\u00e7in t\u0131klay\u0131n\u0131z.<\/strong><\/li>\n<\/ul>","protected":false},"featured_media":9949,"comment_status":"open","ping_status":"closed","template":"","meta":{"inline_featured_image":false},"product_brand":[],"product_cat":[556,550],"product_tag":[],"class_list":{"0":"post-9947","1":"product","2":"type-product","3":"status-publish","4":"has-post-thumbnail","6":"product_cat-blok-setler","7":"product_cat-standart-olcu-aletleri","9":"first","10":"instock","11":"shipping-taxable","12":"purchasable","13":"product-type-simple"},"_links":{"self":[{"href":"https:\/\/insize.com.tr\/en\/wp-json\/wp\/v2\/product\/9947","targetHints":{"allow":["GET"]}}],"collection":[{"href":"https:\/\/insize.com.tr\/en\/wp-json\/wp\/v2\/product"}],"about":[{"href":"https:\/\/insize.com.tr\/en\/wp-json\/wp\/v2\/types\/product"}],"replies":[{"embeddable":true,"href":"https:\/\/insize.com.tr\/en\/wp-json\/wp\/v2\/comments?post=9947"}],"wp:featuredmedia":[{"embeddable":true,"href":"https:\/\/insize.com.tr\/en\/wp-json\/wp\/v2\/media\/9949"}],"wp:attachment":[{"href":"https:\/\/insize.com.tr\/en\/wp-json\/wp\/v2\/media?parent=9947"}],"wp:term":[{"taxonomy":"product_brand","embeddable":true,"href":"https:\/\/insize.com.tr\/en\/wp-json\/wp\/v2\/product_brand?post=9947"},{"taxonomy":"product_cat","embeddable":true,"href":"https:\/\/insize.com.tr\/en\/wp-json\/wp\/v2\/product_cat?post=9947"},{"taxonomy":"product_tag","embeddable":true,"href":"https:\/\/insize.com.tr\/en\/wp-json\/wp\/v2\/product_tag?post=9947"}],"curies":[{"name":"wp","href":"https:\/\/api.w.org\/{rel}","templated":true}]}}