{"id":9953,"date":"2025-06-11T16:48:00","date_gmt":"2025-06-11T13:48:00","guid":{"rendered":"https:\/\/insize.com.tr\/?post_type=product&#038;p=9953"},"modified":"2026-04-21T08:22:57","modified_gmt":"2026-04-21T05:22:57","slug":"insize-6534-paralel-set","status":"publish","type":"product","link":"https:\/\/insize.com.tr\/en\/product\/insize-6534-paralel-set\/","title":{"rendered":"Insize 6534 Paralel Set"},"content":{"rendered":"","protected":false},"excerpt":{"rendered":"<ul>\n<li>\u00dcst ve alt aras\u0131ndaki paralellik: 5\u00b5m<\/li>\n<li>E\u015fle\u015fen bir \u00e7iftin y\u00fckseklik fark\u0131: 5\u00b5m<\/li>\n<li>Ala\u015f\u0131ml\u0131 tak\u0131m \u00e7eli\u011finden yap\u0131lm\u0131\u015ft\u0131r<\/li>\n<li>HRC55-60&#8217;a kadar sertle\u015ftirilmi\u015ftir<\/li>\n<li><a href=\"https:\/\/insize.com.tr\/wp-content\/uploads\/2025\/06\/6534.pdf\"><strong>PDF i\u00e7in t\u0131klay\u0131n\u0131z.<\/strong><\/a><\/li>\n<\/ul>","protected":false},"featured_media":9955,"comment_status":"open","ping_status":"closed","template":"","meta":{"inline_featured_image":false},"product_brand":[],"product_cat":[553,552,550],"product_tag":[],"class_list":{"0":"post-9953","1":"product","2":"type-product","3":"status-publish","4":"has-post-thumbnail","6":"product_cat-diger-olcu-aletleri","7":"product_cat-olcum-setleri","8":"product_cat-standart-olcu-aletleri","10":"first","11":"instock","12":"shipping-taxable","13":"purchasable","14":"product-type-simple"},"_links":{"self":[{"href":"https:\/\/insize.com.tr\/en\/wp-json\/wp\/v2\/product\/9953","targetHints":{"allow":["GET"]}}],"collection":[{"href":"https:\/\/insize.com.tr\/en\/wp-json\/wp\/v2\/product"}],"about":[{"href":"https:\/\/insize.com.tr\/en\/wp-json\/wp\/v2\/types\/product"}],"replies":[{"embeddable":true,"href":"https:\/\/insize.com.tr\/en\/wp-json\/wp\/v2\/comments?post=9953"}],"wp:featuredmedia":[{"embeddable":true,"href":"https:\/\/insize.com.tr\/en\/wp-json\/wp\/v2\/media\/9955"}],"wp:attachment":[{"href":"https:\/\/insize.com.tr\/en\/wp-json\/wp\/v2\/media?parent=9953"}],"wp:term":[{"taxonomy":"product_brand","embeddable":true,"href":"https:\/\/insize.com.tr\/en\/wp-json\/wp\/v2\/product_brand?post=9953"},{"taxonomy":"product_cat","embeddable":true,"href":"https:\/\/insize.com.tr\/en\/wp-json\/wp\/v2\/product_cat?post=9953"},{"taxonomy":"product_tag","embeddable":true,"href":"https:\/\/insize.com.tr\/en\/wp-json\/wp\/v2\/product_tag?post=9953"}],"curies":[{"name":"wp","href":"https:\/\/api.w.org\/{rel}","templated":true}]}}