{"id":9993,"date":"2025-06-12T14:34:35","date_gmt":"2025-06-12T11:34:35","guid":{"rendered":"https:\/\/insize.com.tr\/?post_type=product&#038;p=9993"},"modified":"2026-04-21T08:23:25","modified_gmt":"2026-04-21T05:23:25","slug":"insize-6879-manyetik-indiksiyonlu-paralel-set","status":"publish","type":"product","link":"https:\/\/insize.com.tr\/en\/product\/insize-6879-manyetik-indiksiyonlu-paralel-set\/","title":{"rendered":"Insize 6879 Manyetik \u0130ndiksiyonlu Paralel Set"},"content":{"rendered":"","protected":false},"excerpt":{"rendered":"<ul>\n<li>Manyetik mandrenlerde kullan\u0131lmak \u00fczere<\/li>\n<li>Set ba\u015f\u0131na iki paralel<\/li>\n<li>Sertlik HRB70<\/li>\n<li>Manyetik olmayan bak\u0131r \u015feritler\n<p><a href=\"https:\/\/insize.com.tr\/wp-content\/uploads\/2025\/06\/6879.pdf\"><strong>PDF i\u00e7in t\u0131klay\u0131n\u0131z.<\/strong><\/a><\/li>\n<li><a href=\"https:\/\/insize.com.tr\/wp-content\/uploads\/2026\/03\/6879-E-V1.pdf\"><strong>Kullan\u0131m K\u0131lavuzu<\/strong><\/a><\/li>\n<\/ul>","protected":false},"featured_media":9996,"comment_status":"open","ping_status":"closed","template":"","meta":{"inline_featured_image":false},"product_brand":[],"product_cat":[552,550],"product_tag":[],"class_list":{"0":"post-9993","1":"product","2":"type-product","3":"status-publish","4":"has-post-thumbnail","6":"product_cat-olcum-setleri","7":"product_cat-standart-olcu-aletleri","9":"first","10":"instock","11":"shipping-taxable","12":"purchasable","13":"product-type-simple"},"_links":{"self":[{"href":"https:\/\/insize.com.tr\/en\/wp-json\/wp\/v2\/product\/9993","targetHints":{"allow":["GET"]}}],"collection":[{"href":"https:\/\/insize.com.tr\/en\/wp-json\/wp\/v2\/product"}],"about":[{"href":"https:\/\/insize.com.tr\/en\/wp-json\/wp\/v2\/types\/product"}],"replies":[{"embeddable":true,"href":"https:\/\/insize.com.tr\/en\/wp-json\/wp\/v2\/comments?post=9993"}],"wp:featuredmedia":[{"embeddable":true,"href":"https:\/\/insize.com.tr\/en\/wp-json\/wp\/v2\/media\/9996"}],"wp:attachment":[{"href":"https:\/\/insize.com.tr\/en\/wp-json\/wp\/v2\/media?parent=9993"}],"wp:term":[{"taxonomy":"product_brand","embeddable":true,"href":"https:\/\/insize.com.tr\/en\/wp-json\/wp\/v2\/product_brand?post=9993"},{"taxonomy":"product_cat","embeddable":true,"href":"https:\/\/insize.com.tr\/en\/wp-json\/wp\/v2\/product_cat?post=9993"},{"taxonomy":"product_tag","embeddable":true,"href":"https:\/\/insize.com.tr\/en\/wp-json\/wp\/v2\/product_tag?post=9993"}],"curies":[{"name":"wp","href":"https:\/\/api.w.org\/{rel}","templated":true}]}}