{"id":9997,"date":"2025-06-12T16:10:05","date_gmt":"2025-06-12T13:10:05","guid":{"rendered":"https:\/\/insize.com.tr\/?post_type=product&#038;p=9997"},"modified":"2026-04-21T08:23:26","modified_gmt":"2026-04-21T05:23:26","slug":"insize-4920-aluminyum-su-terazisi","status":"publish","type":"product","link":"https:\/\/insize.com.tr\/en\/product\/insize-4920-aluminyum-su-terazisi\/","title":{"rendered":"Insize 4920 Al\u00fcminyum Su terazisi"},"content":{"rendered":"","protected":false},"excerpt":{"rendered":"<ul>\n<li>Darbeye ve UV&#8217;ye dayan\u0131kl\u0131 \u015fi\u015feler<\/li>\n<li>Yatay, dikey ve d\u00f6ner \u015fi\u015feler<\/li>\n<li>D\u00f6ner \u015fi\u015fe, aral\u0131k: 0\u00b0~360\u00b0, derecelendirme: 5\u00b0<\/li>\n<li>\u00c7ek\u00fcl penceresi<\/li>\n<li>\u015eok emici kau\u00e7uk u\u00e7 kapaklar\u0131<\/li>\n<li>\u00c7al\u0131\u015fma s\u0131cakl\u0131\u011f\u0131: -15\u00b0C~55\u00b0C\n<p><a href=\"https:\/\/insize.com.tr\/wp-content\/uploads\/2025\/06\/4920.pdf\"><strong>PDF i\u00e7in t\u0131klay\u0131n\u0131z.<\/strong><\/a><\/li>\n<\/ul>","protected":false},"featured_media":9999,"comment_status":"open","ping_status":"closed","template":"","meta":{"inline_featured_image":false},"product_brand":[],"product_cat":[55],"product_tag":[],"class_list":{"0":"post-9997","1":"product","2":"type-product","3":"status-publish","4":"has-post-thumbnail","6":"product_cat-kantar","8":"first","9":"instock","10":"shipping-taxable","11":"purchasable","12":"product-type-simple"},"_links":{"self":[{"href":"https:\/\/insize.com.tr\/en\/wp-json\/wp\/v2\/product\/9997","targetHints":{"allow":["GET"]}}],"collection":[{"href":"https:\/\/insize.com.tr\/en\/wp-json\/wp\/v2\/product"}],"about":[{"href":"https:\/\/insize.com.tr\/en\/wp-json\/wp\/v2\/types\/product"}],"replies":[{"embeddable":true,"href":"https:\/\/insize.com.tr\/en\/wp-json\/wp\/v2\/comments?post=9997"}],"wp:featuredmedia":[{"embeddable":true,"href":"https:\/\/insize.com.tr\/en\/wp-json\/wp\/v2\/media\/9999"}],"wp:attachment":[{"href":"https:\/\/insize.com.tr\/en\/wp-json\/wp\/v2\/media?parent=9997"}],"wp:term":[{"taxonomy":"product_brand","embeddable":true,"href":"https:\/\/insize.com.tr\/en\/wp-json\/wp\/v2\/product_brand?post=9997"},{"taxonomy":"product_cat","embeddable":true,"href":"https:\/\/insize.com.tr\/en\/wp-json\/wp\/v2\/product_cat?post=9997"},{"taxonomy":"product_tag","embeddable":true,"href":"https:\/\/insize.com.tr\/en\/wp-json\/wp\/v2\/product_tag?post=9997"}],"curies":[{"name":"wp","href":"https:\/\/api.w.org\/{rel}","templated":true}]}}